{"id":1198,"date":"2020-11-14T22:06:34","date_gmt":"2020-11-14T22:06:34","guid":{"rendered":"http:\/\/www.zwin-love.com\/?page_id=1198"},"modified":"2025-04-28T08:04:02","modified_gmt":"2025-04-28T08:04:02","slug":"jardin","status":"publish","type":"page","link":"http:\/\/www.zwin-love.com\/fr\/jardin\/","title":{"rendered":"Jardin"},"content":{"rendered":"<section class=\"wpb-content-wrapper\"><p>[vc_row css_animation=\u00a0\u00bb\u00a0\u00bb row_type=\u00a0\u00bbrow\u00a0\u00bb use_row_as_full_screen_section=\u00a0\u00bbno\u00a0\u00bb type=\u00a0\u00bbfull_width\u00a0\u00bb angled_section=\u00a0\u00bbno\u00a0\u00bb text_align=\u00a0\u00bbleft\u00a0\u00bb background_image_as_pattern=\u00a0\u00bbwithout_pattern\u00a0\u00bb][vc_column][vc_gallery interval=\u00a0\u00bb3&Prime; images=\u00a0\u00bb1606,1602,1052,1013,1010,1594,1004,1001,1598&Prime; img_size=\u00a0\u00bbfull\u00a0\u00bb][\/vc_column][\/vc_row][vc_row css_animation=\u00a0\u00bb\u00a0\u00bb row_type=\u00a0\u00bbrow\u00a0\u00bb use_row_as_full_screen_section=\u00a0\u00bbno\u00a0\u00bb type=\u00a0\u00bbfull_width\u00a0\u00bb angled_section=\u00a0\u00bbno\u00a0\u00bb text_align=\u00a0\u00bbleft\u00a0\u00bb background_image_as_pattern=\u00a0\u00bbwithout_pattern\u00a0\u00bb][vc_column][vc_column_text]<\/p>\n<p style=\"text-align: justify;\">Gr\u00e2ce \u00e0 sa situation au sud-ouest et \u00e0 la plantation de gramin\u00e9es, de saules et d&rsquo;arbustes maritimes, le jardin &#8211; avec son grand espace &#8211; vous invite \u00e0 prendre le soleil ou \u00e0 jouer. Selon le temps, il existe des endroits agr\u00e9ables pour se d\u00e9tendre au soleil comme \u00e0 l&rsquo;ombre, \u00e0 tout moment de l&rsquo;ann\u00e9e, pour une journ\u00e9e sans sable. La terrasse devant la salle de s\u00e9jour convient pour un petit d\u00e9jeuner en plein air, un d\u00e9jeuner rapide\u00a0 et un d\u00eener confortable gr\u00e2ce \u00e0 son emplacement et au grand parasol \u00e0 feux de circulation. Un double banc de jardin avec une table centrale invite \u00e0 boire un caf\u00e9 ou \u00e0 chiller au soleil couchant avec un verre de vin ou une bi\u00e8re trappiste belge. Le jardin est directement accessible par l&rsquo;all\u00e9e et par les portes-fen\u00eatres du salon et de la cuisine.<\/p>\n<p>[\/vc_column_text][\/vc_column][\/vc_row][vc_row css_animation=\u00a0\u00bb\u00a0\u00bb row_type=\u00a0\u00bbrow\u00a0\u00bb use_row_as_full_screen_section=\u00a0\u00bbno\u00a0\u00bb type=\u00a0\u00bbfull_width\u00a0\u00bb angled_section=\u00a0\u00bbno\u00a0\u00bb text_align=\u00a0\u00bbleft\u00a0\u00bb background_image_as_pattern=\u00a0\u00bbwithout_pattern\u00a0\u00bb][vc_column][vc_empty_space][vc_zigzag color=\u00a0\u00bbcustom\u00a0\u00bb custom_color=\u00a0\u00bb#669fd1&Prime;][\/vc_column][\/vc_row]<\/p>\n<\/section>","protected":false},"excerpt":{"rendered":"<p>[vc_row css_animation=\u00a0\u00bb\u00a0\u00bb row_type=\u00a0\u00bbrow\u00a0\u00bb use_row_as_full_screen_section=\u00a0\u00bbno\u00a0\u00bb type=\u00a0\u00bbfull_width\u00a0\u00bb angled_section=\u00a0\u00bbno\u00a0\u00bb text_align=\u00a0\u00bbleft\u00a0\u00bb background_image_as_pattern=\u00a0\u00bbwithout_pattern\u00a0\u00bb][vc_column][vc_gallery interval=\u00a0\u00bb3&Prime; images=\u00a0\u00bb1606,1602,1052,1013,1010,1594,1004,1001,1598&Prime; img_size=\u00a0\u00bbfull\u00a0\u00bb][\/vc_column][\/vc_row][vc_row css_animation=\u00a0\u00bb\u00a0\u00bb row_type=\u00a0\u00bbrow\u00a0\u00bb use_row_as_full_screen_section=\u00a0\u00bbno\u00a0\u00bb type=\u00a0\u00bbfull_width\u00a0\u00bb angled_section=\u00a0\u00bbno\u00a0\u00bb text_align=\u00a0\u00bbleft\u00a0\u00bb background_image_as_pattern=\u00a0\u00bbwithout_pattern\u00a0\u00bb][vc_column][vc_column_text] Gr\u00e2ce \u00e0 sa situation au sud-ouest et \u00e0 la plantation de gramin\u00e9es, de saules et d&rsquo;arbustes maritimes, le jardin &#8211; avec son grand espace &#8211; vous invite&#8230;<\/p>\n","protected":false},"author":1,"featured_media":0,"parent":0,"menu_order":0,"comment_status":"closed","ping_status":"closed","template":"","meta":{"content-type":"","footnotes":""},"class_list":["post-1198","page","type-page","status-publish","hentry"],"yoast_head":"<!-- This site is optimized with the Yoast SEO plugin v26.6 - https:\/\/yoast.com\/wordpress\/plugins\/seo\/ -->\n<title>Jardin - Ferienhaus Zwin Love<\/title>\n<meta name=\"robots\" content=\"index, follow, max-snippet:-1, max-image-preview:large, max-video-preview:-1\" \/>\n<link rel=\"canonical\" href=\"http:\/\/www.zwin-love.com\/fr\/jardin\/\" \/>\n<meta property=\"og:locale\" content=\"fr_FR\" \/>\n<meta property=\"og:type\" content=\"article\" \/>\n<meta property=\"og:title\" content=\"Jardin - Ferienhaus Zwin Love\" \/>\n<meta property=\"og:description\" content=\"[vc_row css_animation=\u00a0\u00bb\u00a0\u00bb row_type=\u00a0\u00bbrow\u00a0\u00bb use_row_as_full_screen_section=\u00a0\u00bbno\u00a0\u00bb type=\u00a0\u00bbfull_width\u00a0\u00bb angled_section=\u00a0\u00bbno\u00a0\u00bb text_align=\u00a0\u00bbleft\u00a0\u00bb background_image_as_pattern=\u00a0\u00bbwithout_pattern\u00a0\u00bb][vc_column][vc_gallery interval=\u00a0\u00bb3&Prime; images=\u00a0\u00bb1606,1602,1052,1013,1010,1594,1004,1001,1598&Prime; img_size=\u00a0\u00bbfull\u00a0\u00bb][\/vc_column][\/vc_row][vc_row css_animation=\u00a0\u00bb\u00a0\u00bb row_type=\u00a0\u00bbrow\u00a0\u00bb use_row_as_full_screen_section=\u00a0\u00bbno\u00a0\u00bb type=\u00a0\u00bbfull_width\u00a0\u00bb angled_section=\u00a0\u00bbno\u00a0\u00bb text_align=\u00a0\u00bbleft\u00a0\u00bb background_image_as_pattern=\u00a0\u00bbwithout_pattern\u00a0\u00bb][vc_column][vc_column_text] Gr\u00e2ce \u00e0 sa situation au sud-ouest et \u00e0 la plantation de gramin\u00e9es, de saules et d&rsquo;arbustes maritimes, le jardin &#8211; avec son grand espace &#8211; vous invite...\" \/>\n<meta property=\"og:url\" content=\"http:\/\/www.zwin-love.com\/fr\/jardin\/\" \/>\n<meta property=\"og:site_name\" content=\"Ferienhaus Zwin Love\" \/>\n<meta property=\"article:modified_time\" content=\"2025-04-28T08:04:02+00:00\" \/>\n<meta name=\"twitter:card\" content=\"summary_large_image\" \/>\n<meta name=\"twitter:label1\" content=\"Dur\u00e9e de lecture estim\u00e9e\" \/>\n\t<meta name=\"twitter:data1\" content=\"1 minute\" \/>\n<script type=\"application\/ld+json\" class=\"yoast-schema-graph\">{\"@context\":\"https:\/\/schema.org\",\"@graph\":[{\"@type\":\"WebPage\",\"@id\":\"http:\/\/www.zwin-love.com\/fr\/jardin\/\",\"url\":\"http:\/\/www.zwin-love.com\/fr\/jardin\/\",\"name\":\"Jardin - Ferienhaus Zwin Love\",\"isPartOf\":{\"@id\":\"https:\/\/www.zwin-love.com\/#website\"},\"datePublished\":\"2020-11-14T22:06:34+00:00\",\"dateModified\":\"2025-04-28T08:04:02+00:00\",\"breadcrumb\":{\"@id\":\"http:\/\/www.zwin-love.com\/fr\/jardin\/#breadcrumb\"},\"inLanguage\":\"fr-FR\",\"potentialAction\":[{\"@type\":\"ReadAction\",\"target\":[\"http:\/\/www.zwin-love.com\/fr\/jardin\/\"]}]},{\"@type\":\"BreadcrumbList\",\"@id\":\"http:\/\/www.zwin-love.com\/fr\/jardin\/#breadcrumb\",\"itemListElement\":[{\"@type\":\"ListItem\",\"position\":1,\"name\":\"Startseite\",\"item\":\"https:\/\/www.zwin-love.com\/fr\/\"},{\"@type\":\"ListItem\",\"position\":2,\"name\":\"Jardin\"}]},{\"@type\":\"WebSite\",\"@id\":\"https:\/\/www.zwin-love.com\/#website\",\"url\":\"https:\/\/www.zwin-love.com\/\",\"name\":\"Ferienhaus Zwin Love\",\"description\":\"Ferienhaus bei Cadzand-Bad an der niederl\u00e4ndischen Sonnenk\u00fcste |\",\"potentialAction\":[{\"@type\":\"SearchAction\",\"target\":{\"@type\":\"EntryPoint\",\"urlTemplate\":\"https:\/\/www.zwin-love.com\/?s={search_term_string}\"},\"query-input\":{\"@type\":\"PropertyValueSpecification\",\"valueRequired\":true,\"valueName\":\"search_term_string\"}}],\"inLanguage\":\"fr-FR\"}]}<\/script>\n<!-- \/ Yoast SEO plugin. -->","yoast_head_json":{"title":"Jardin - Ferienhaus Zwin Love","robots":{"index":"index","follow":"follow","max-snippet":"max-snippet:-1","max-image-preview":"max-image-preview:large","max-video-preview":"max-video-preview:-1"},"canonical":"http:\/\/www.zwin-love.com\/fr\/jardin\/","og_locale":"fr_FR","og_type":"article","og_title":"Jardin - Ferienhaus Zwin Love","og_description":"[vc_row css_animation=\u00a0\u00bb\u00a0\u00bb row_type=\u00a0\u00bbrow\u00a0\u00bb use_row_as_full_screen_section=\u00a0\u00bbno\u00a0\u00bb type=\u00a0\u00bbfull_width\u00a0\u00bb angled_section=\u00a0\u00bbno\u00a0\u00bb text_align=\u00a0\u00bbleft\u00a0\u00bb background_image_as_pattern=\u00a0\u00bbwithout_pattern\u00a0\u00bb][vc_column][vc_gallery interval=\u00a0\u00bb3&Prime; images=\u00a0\u00bb1606,1602,1052,1013,1010,1594,1004,1001,1598&Prime; img_size=\u00a0\u00bbfull\u00a0\u00bb][\/vc_column][\/vc_row][vc_row css_animation=\u00a0\u00bb\u00a0\u00bb row_type=\u00a0\u00bbrow\u00a0\u00bb use_row_as_full_screen_section=\u00a0\u00bbno\u00a0\u00bb type=\u00a0\u00bbfull_width\u00a0\u00bb angled_section=\u00a0\u00bbno\u00a0\u00bb text_align=\u00a0\u00bbleft\u00a0\u00bb background_image_as_pattern=\u00a0\u00bbwithout_pattern\u00a0\u00bb][vc_column][vc_column_text] Gr\u00e2ce \u00e0 sa situation au sud-ouest et \u00e0 la plantation de gramin\u00e9es, de saules et d&rsquo;arbustes maritimes, le jardin &#8211; avec son grand espace &#8211; vous invite...","og_url":"http:\/\/www.zwin-love.com\/fr\/jardin\/","og_site_name":"Ferienhaus Zwin Love","article_modified_time":"2025-04-28T08:04:02+00:00","twitter_card":"summary_large_image","twitter_misc":{"Dur\u00e9e de lecture estim\u00e9e":"1 minute"},"schema":{"@context":"https:\/\/schema.org","@graph":[{"@type":"WebPage","@id":"http:\/\/www.zwin-love.com\/fr\/jardin\/","url":"http:\/\/www.zwin-love.com\/fr\/jardin\/","name":"Jardin - Ferienhaus Zwin Love","isPartOf":{"@id":"https:\/\/www.zwin-love.com\/#website"},"datePublished":"2020-11-14T22:06:34+00:00","dateModified":"2025-04-28T08:04:02+00:00","breadcrumb":{"@id":"http:\/\/www.zwin-love.com\/fr\/jardin\/#breadcrumb"},"inLanguage":"fr-FR","potentialAction":[{"@type":"ReadAction","target":["http:\/\/www.zwin-love.com\/fr\/jardin\/"]}]},{"@type":"BreadcrumbList","@id":"http:\/\/www.zwin-love.com\/fr\/jardin\/#breadcrumb","itemListElement":[{"@type":"ListItem","position":1,"name":"Startseite","item":"https:\/\/www.zwin-love.com\/fr\/"},{"@type":"ListItem","position":2,"name":"Jardin"}]},{"@type":"WebSite","@id":"https:\/\/www.zwin-love.com\/#website","url":"https:\/\/www.zwin-love.com\/","name":"Ferienhaus Zwin Love","description":"Ferienhaus bei Cadzand-Bad an der niederl\u00e4ndischen Sonnenk\u00fcste |","potentialAction":[{"@type":"SearchAction","target":{"@type":"EntryPoint","urlTemplate":"https:\/\/www.zwin-love.com\/?s={search_term_string}"},"query-input":{"@type":"PropertyValueSpecification","valueRequired":true,"valueName":"search_term_string"}}],"inLanguage":"fr-FR"}]}},"_links":{"self":[{"href":"http:\/\/www.zwin-love.com\/fr\/wp-json\/wp\/v2\/pages\/1198","targetHints":{"allow":["GET"]}}],"collection":[{"href":"http:\/\/www.zwin-love.com\/fr\/wp-json\/wp\/v2\/pages"}],"about":[{"href":"http:\/\/www.zwin-love.com\/fr\/wp-json\/wp\/v2\/types\/page"}],"author":[{"embeddable":true,"href":"http:\/\/www.zwin-love.com\/fr\/wp-json\/wp\/v2\/users\/1"}],"replies":[{"embeddable":true,"href":"http:\/\/www.zwin-love.com\/fr\/wp-json\/wp\/v2\/comments?post=1198"}],"version-history":[{"count":5,"href":"http:\/\/www.zwin-love.com\/fr\/wp-json\/wp\/v2\/pages\/1198\/revisions"}],"predecessor-version":[{"id":1609,"href":"http:\/\/www.zwin-love.com\/fr\/wp-json\/wp\/v2\/pages\/1198\/revisions\/1609"}],"wp:attachment":[{"href":"http:\/\/www.zwin-love.com\/fr\/wp-json\/wp\/v2\/media?parent=1198"}],"curies":[{"name":"wp","href":"https:\/\/api.w.org\/{rel}","templated":true}]}}