{"id":1236,"date":"2020-11-17T20:37:50","date_gmt":"2020-11-17T20:37:50","guid":{"rendered":"http:\/\/www.zwin-love.com\/?page_id=1236"},"modified":"2020-12-09T09:42:50","modified_gmt":"2020-12-09T09:42:50","slug":"dormir","status":"publish","type":"page","link":"http:\/\/www.zwin-love.com\/fr\/maison\/dormir\/","title":{"rendered":"Dormir"},"content":{"rendered":"<section class=\"wpb-content-wrapper\"><p>[vc_row css_animation=\u00a0\u00bb\u00a0\u00bb row_type=\u00a0\u00bbrow\u00a0\u00bb use_row_as_full_screen_section=\u00a0\u00bbno\u00a0\u00bb type=\u00a0\u00bbfull_width\u00a0\u00bb angled_section=\u00a0\u00bbno\u00a0\u00bb text_align=\u00a0\u00bbleft\u00a0\u00bb background_image_as_pattern=\u00a0\u00bbwithout_pattern\u00a0\u00bb][vc_column][vc_gallery interval=\u00a0\u00bb3&Prime; images=\u00a0\u00bb977,1043,992,989,986,926,638&Prime; img_size=\u00a0\u00bbfull\u00a0\u00bb][\/vc_column][\/vc_row][vc_row css_animation=\u00a0\u00bb\u00a0\u00bb row_type=\u00a0\u00bbrow\u00a0\u00bb use_row_as_full_screen_section=\u00a0\u00bbno\u00a0\u00bb type=\u00a0\u00bbfull_width\u00a0\u00bb angled_section=\u00a0\u00bbno\u00a0\u00bb text_align=\u00a0\u00bbleft\u00a0\u00bb background_image_as_pattern=\u00a0\u00bbwithout_pattern\u00a0\u00bb][vc_column][vc_column_text]<\/p>\n<p style=\"text-align: justify;\">La maison de vacances \u00ab\u00a0Zwin Love\u00a0\u00bb peut accueillir confortablement deux adultes et deux enfants au maximum, avec quatre couchages dans deux chambres et un dressing ou une armoire. La chambre la plus grande est \u00e9quip\u00e9e d&rsquo;un lit double (160 x 200 cm), la chambre des enfants de deux lits superpos\u00e9s du style scandinave (90 x 200 cm).<\/p>\n<p>[\/vc_column_text][vc_empty_space][\/vc_column][\/vc_row][vc_row css_animation=\u00a0\u00bb\u00a0\u00bb row_type=\u00a0\u00bbrow\u00a0\u00bb use_row_as_full_screen_section=\u00a0\u00bbno\u00a0\u00bb type=\u00a0\u00bbfull_width\u00a0\u00bb angled_section=\u00a0\u00bbno\u00a0\u00bb text_align=\u00a0\u00bbleft\u00a0\u00bb background_image_as_pattern=\u00a0\u00bbwithout_pattern\u00a0\u00bb][vc_column width=\u00a0\u00bb1\/3&Prime;][vc_column_text]<\/p>\n<h2>Chambre double<\/h2>\n<p><img fetchpriority=\"high\" decoding=\"async\" class=\"alignnone size-full wp-image-977\" src=\"http:\/\/www.zwin-love.com\/wp-content\/uploads\/2020\/08\/zwin-love_2020_70.jpg\" alt=\"\" width=\"1152\" height=\"768\" srcset=\"http:\/\/www.zwin-love.com\/wp-content\/uploads\/2020\/08\/zwin-love_2020_70.jpg 1152w, http:\/\/www.zwin-love.com\/wp-content\/uploads\/2020\/08\/zwin-love_2020_70-300x200.jpg 300w, http:\/\/www.zwin-love.com\/wp-content\/uploads\/2020\/08\/zwin-love_2020_70-1024x683.jpg 1024w, http:\/\/www.zwin-love.com\/wp-content\/uploads\/2020\/08\/zwin-love_2020_70-768x512.jpg 768w, http:\/\/www.zwin-love.com\/wp-content\/uploads\/2020\/08\/zwin-love_2020_70-700x467.jpg 700w\" sizes=\"(max-width: 1152px) 100vw, 1152px\" \/>La chambre double de conception maritime (10 m\u00b2) est meubl\u00e9e d&rsquo;un grand lit double (160 x 200 cm) et d&rsquo;une commode.[\/vc_column_text][\/vc_column][vc_column width=\u00a0\u00bb1\/3&Prime;][vc_column_text]<\/p>\n<h2>Chambre d&rsquo;enfant<\/h2>\n<p><img decoding=\"async\" class=\"alignnone size-full wp-image-986\" src=\"http:\/\/www.zwin-love.com\/wp-content\/uploads\/2020\/08\/zwin-love_2020_67.jpg\" alt=\"\" width=\"1152\" height=\"768\" srcset=\"http:\/\/www.zwin-love.com\/wp-content\/uploads\/2020\/08\/zwin-love_2020_67.jpg 1152w, http:\/\/www.zwin-love.com\/wp-content\/uploads\/2020\/08\/zwin-love_2020_67-300x200.jpg 300w, http:\/\/www.zwin-love.com\/wp-content\/uploads\/2020\/08\/zwin-love_2020_67-1024x683.jpg 1024w, http:\/\/www.zwin-love.com\/wp-content\/uploads\/2020\/08\/zwin-love_2020_67-768x512.jpg 768w, http:\/\/www.zwin-love.com\/wp-content\/uploads\/2020\/08\/zwin-love_2020_67-700x467.jpg 700w\" sizes=\"(max-width: 1152px) 100vw, 1152px\" \/>La chambre d&rsquo;enfant (6 m\u00b2) avec ses lits superpos\u00e9s (2 x 90 x 200 cm) et une armoire ouverte offre de l&rsquo;espace pour deux enfants.[\/vc_column_text][\/vc_column][vc_column width=\u00a0\u00bb1\/3&Prime;][vc_column_text]<\/p>\n<h2>Vestiaire<\/h2>\n<p><img decoding=\"async\" class=\"alignnone size-full wp-image-1169\" src=\"http:\/\/www.zwin-love.com\/wp-content\/uploads\/2020\/09\/zwin-love_2020_95-1.jpg\" alt=\"\" width=\"1152\" height=\"768\" srcset=\"http:\/\/www.zwin-love.com\/wp-content\/uploads\/2020\/09\/zwin-love_2020_95-1.jpg 1152w, http:\/\/www.zwin-love.com\/wp-content\/uploads\/2020\/09\/zwin-love_2020_95-1-300x200.jpg 300w, http:\/\/www.zwin-love.com\/wp-content\/uploads\/2020\/09\/zwin-love_2020_95-1-1024x683.jpg 1024w, http:\/\/www.zwin-love.com\/wp-content\/uploads\/2020\/09\/zwin-love_2020_95-1-768x512.jpg 768w, http:\/\/www.zwin-love.com\/wp-content\/uploads\/2020\/09\/zwin-love_2020_95-1-700x467.jpg 700w\" sizes=\"(max-width: 1152px) 100vw, 1152px\" \/>Le vestiaire pratique (5 m\u00b2) offre beaucoup d&rsquo;espace de rangement et permet aux v\u00eatements, chaussures et autres ustensiles de \u00ab\u00a0dispara\u00eetre\u00a0\u00bb.[\/vc_column_text][\/vc_column][\/vc_row][vc_row css_animation=\u00a0\u00bb\u00a0\u00bb row_type=\u00a0\u00bbrow\u00a0\u00bb use_row_as_full_screen_section=\u00a0\u00bbno\u00a0\u00bb type=\u00a0\u00bbfull_width\u00a0\u00bb angled_section=\u00a0\u00bbno\u00a0\u00bb text_align=\u00a0\u00bbleft\u00a0\u00bb background_image_as_pattern=\u00a0\u00bbwithout_pattern\u00a0\u00bb][vc_column][vc_empty_space][vc_zigzag color=\u00a0\u00bbcustom\u00a0\u00bb custom_color=\u00a0\u00bb#669fd1&Prime;][\/vc_column][\/vc_row]<\/p>\n<\/section>","protected":false},"excerpt":{"rendered":"<p>[vc_row css_animation=\u00a0\u00bb\u00a0\u00bb row_type=\u00a0\u00bbrow\u00a0\u00bb use_row_as_full_screen_section=\u00a0\u00bbno\u00a0\u00bb type=\u00a0\u00bbfull_width\u00a0\u00bb angled_section=\u00a0\u00bbno\u00a0\u00bb text_align=\u00a0\u00bbleft\u00a0\u00bb background_image_as_pattern=\u00a0\u00bbwithout_pattern\u00a0\u00bb][vc_column][vc_gallery interval=\u00a0\u00bb3&Prime; images=\u00a0\u00bb977,1043,992,989,986,926,638&Prime; img_size=\u00a0\u00bbfull\u00a0\u00bb][\/vc_column][\/vc_row][vc_row css_animation=\u00a0\u00bb\u00a0\u00bb row_type=\u00a0\u00bbrow\u00a0\u00bb use_row_as_full_screen_section=\u00a0\u00bbno\u00a0\u00bb type=\u00a0\u00bbfull_width\u00a0\u00bb angled_section=\u00a0\u00bbno\u00a0\u00bb text_align=\u00a0\u00bbleft\u00a0\u00bb background_image_as_pattern=\u00a0\u00bbwithout_pattern\u00a0\u00bb][vc_column][vc_column_text] La maison de vacances \u00ab\u00a0Zwin Love\u00a0\u00bb peut accueillir confortablement deux adultes et deux enfants au maximum, avec quatre couchages dans deux chambres et un dressing ou une&#8230;<\/p>\n","protected":false},"author":1,"featured_media":0,"parent":1247,"menu_order":0,"comment_status":"closed","ping_status":"closed","template":"","meta":{"content-type":"","footnotes":""},"class_list":["post-1236","page","type-page","status-publish","hentry"],"yoast_head":"<!-- This site is optimized with the Yoast SEO plugin v26.6 - https:\/\/yoast.com\/wordpress\/plugins\/seo\/ -->\n<title>Dormir - Ferienhaus Zwin Love<\/title>\n<meta name=\"robots\" content=\"index, follow, max-snippet:-1, max-image-preview:large, max-video-preview:-1\" \/>\n<link rel=\"canonical\" href=\"http:\/\/www.zwin-love.com\/fr\/maison\/dormir\/\" \/>\n<meta property=\"og:locale\" content=\"fr_FR\" \/>\n<meta property=\"og:type\" content=\"article\" \/>\n<meta property=\"og:title\" content=\"Dormir - Ferienhaus Zwin Love\" \/>\n<meta property=\"og:description\" content=\"[vc_row css_animation=\u00a0\u00bb\u00a0\u00bb row_type=\u00a0\u00bbrow\u00a0\u00bb use_row_as_full_screen_section=\u00a0\u00bbno\u00a0\u00bb type=\u00a0\u00bbfull_width\u00a0\u00bb angled_section=\u00a0\u00bbno\u00a0\u00bb text_align=\u00a0\u00bbleft\u00a0\u00bb background_image_as_pattern=\u00a0\u00bbwithout_pattern\u00a0\u00bb][vc_column][vc_gallery interval=\u00a0\u00bb3&Prime; images=\u00a0\u00bb977,1043,992,989,986,926,638&Prime; img_size=\u00a0\u00bbfull\u00a0\u00bb][\/vc_column][\/vc_row][vc_row css_animation=\u00a0\u00bb\u00a0\u00bb row_type=\u00a0\u00bbrow\u00a0\u00bb use_row_as_full_screen_section=\u00a0\u00bbno\u00a0\u00bb type=\u00a0\u00bbfull_width\u00a0\u00bb angled_section=\u00a0\u00bbno\u00a0\u00bb text_align=\u00a0\u00bbleft\u00a0\u00bb background_image_as_pattern=\u00a0\u00bbwithout_pattern\u00a0\u00bb][vc_column][vc_column_text] La maison de vacances \u00ab\u00a0Zwin Love\u00a0\u00bb peut accueillir confortablement deux adultes et deux enfants au maximum, avec quatre couchages dans deux chambres et un dressing ou une...\" \/>\n<meta property=\"og:url\" content=\"http:\/\/www.zwin-love.com\/fr\/maison\/dormir\/\" \/>\n<meta property=\"og:site_name\" content=\"Ferienhaus Zwin Love\" \/>\n<meta property=\"article:modified_time\" content=\"2020-12-09T09:42:50+00:00\" \/>\n<meta property=\"og:image\" content=\"http:\/\/www.zwin-love.com\/wp-content\/uploads\/2020\/08\/zwin-love_2020_70.jpg\" \/>\n<meta name=\"twitter:card\" content=\"summary_large_image\" \/>\n<meta name=\"twitter:label1\" content=\"Dur\u00e9e de lecture estim\u00e9e\" \/>\n\t<meta name=\"twitter:data1\" content=\"2 minutes\" \/>\n<script type=\"application\/ld+json\" class=\"yoast-schema-graph\">{\"@context\":\"https:\/\/schema.org\",\"@graph\":[{\"@type\":\"WebPage\",\"@id\":\"http:\/\/www.zwin-love.com\/fr\/maison\/dormir\/\",\"url\":\"http:\/\/www.zwin-love.com\/fr\/maison\/dormir\/\",\"name\":\"Dormir - Ferienhaus Zwin Love\",\"isPartOf\":{\"@id\":\"https:\/\/www.zwin-love.com\/#website\"},\"primaryImageOfPage\":{\"@id\":\"http:\/\/www.zwin-love.com\/fr\/maison\/dormir\/#primaryimage\"},\"image\":{\"@id\":\"http:\/\/www.zwin-love.com\/fr\/maison\/dormir\/#primaryimage\"},\"thumbnailUrl\":\"http:\/\/www.zwin-love.com\/wp-content\/uploads\/2020\/08\/zwin-love_2020_70.jpg\",\"datePublished\":\"2020-11-17T20:37:50+00:00\",\"dateModified\":\"2020-12-09T09:42:50+00:00\",\"breadcrumb\":{\"@id\":\"http:\/\/www.zwin-love.com\/fr\/maison\/dormir\/#breadcrumb\"},\"inLanguage\":\"fr-FR\",\"potentialAction\":[{\"@type\":\"ReadAction\",\"target\":[\"http:\/\/www.zwin-love.com\/fr\/maison\/dormir\/\"]}]},{\"@type\":\"ImageObject\",\"inLanguage\":\"fr-FR\",\"@id\":\"http:\/\/www.zwin-love.com\/fr\/maison\/dormir\/#primaryimage\",\"url\":\"http:\/\/www.zwin-love.com\/wp-content\/uploads\/2020\/08\/zwin-love_2020_70.jpg\",\"contentUrl\":\"http:\/\/www.zwin-love.com\/wp-content\/uploads\/2020\/08\/zwin-love_2020_70.jpg\"},{\"@type\":\"BreadcrumbList\",\"@id\":\"http:\/\/www.zwin-love.com\/fr\/maison\/dormir\/#breadcrumb\",\"itemListElement\":[{\"@type\":\"ListItem\",\"position\":1,\"name\":\"Startseite\",\"item\":\"http:\/\/www.zwin-love.com\/fr\/\"},{\"@type\":\"ListItem\",\"position\":2,\"name\":\"Maison\",\"item\":\"http:\/\/www.zwin-love.com\/fr\/maison\/\"},{\"@type\":\"ListItem\",\"position\":3,\"name\":\"Dormir\"}]},{\"@type\":\"WebSite\",\"@id\":\"https:\/\/www.zwin-love.com\/#website\",\"url\":\"https:\/\/www.zwin-love.com\/\",\"name\":\"Ferienhaus Zwin Love\",\"description\":\"Ferienhaus bei Cadzand-Bad an der niederl\u00e4ndischen Sonnenk\u00fcste |\",\"potentialAction\":[{\"@type\":\"SearchAction\",\"target\":{\"@type\":\"EntryPoint\",\"urlTemplate\":\"https:\/\/www.zwin-love.com\/?s={search_term_string}\"},\"query-input\":{\"@type\":\"PropertyValueSpecification\",\"valueRequired\":true,\"valueName\":\"search_term_string\"}}],\"inLanguage\":\"fr-FR\"}]}<\/script>\n<!-- \/ Yoast SEO plugin. -->","yoast_head_json":{"title":"Dormir - Ferienhaus Zwin Love","robots":{"index":"index","follow":"follow","max-snippet":"max-snippet:-1","max-image-preview":"max-image-preview:large","max-video-preview":"max-video-preview:-1"},"canonical":"http:\/\/www.zwin-love.com\/fr\/maison\/dormir\/","og_locale":"fr_FR","og_type":"article","og_title":"Dormir - Ferienhaus Zwin Love","og_description":"[vc_row css_animation=\u00a0\u00bb\u00a0\u00bb row_type=\u00a0\u00bbrow\u00a0\u00bb use_row_as_full_screen_section=\u00a0\u00bbno\u00a0\u00bb type=\u00a0\u00bbfull_width\u00a0\u00bb angled_section=\u00a0\u00bbno\u00a0\u00bb text_align=\u00a0\u00bbleft\u00a0\u00bb background_image_as_pattern=\u00a0\u00bbwithout_pattern\u00a0\u00bb][vc_column][vc_gallery interval=\u00a0\u00bb3&Prime; images=\u00a0\u00bb977,1043,992,989,986,926,638&Prime; img_size=\u00a0\u00bbfull\u00a0\u00bb][\/vc_column][\/vc_row][vc_row css_animation=\u00a0\u00bb\u00a0\u00bb row_type=\u00a0\u00bbrow\u00a0\u00bb use_row_as_full_screen_section=\u00a0\u00bbno\u00a0\u00bb type=\u00a0\u00bbfull_width\u00a0\u00bb angled_section=\u00a0\u00bbno\u00a0\u00bb text_align=\u00a0\u00bbleft\u00a0\u00bb background_image_as_pattern=\u00a0\u00bbwithout_pattern\u00a0\u00bb][vc_column][vc_column_text] La maison de vacances \u00ab\u00a0Zwin Love\u00a0\u00bb peut accueillir confortablement deux adultes et deux enfants au maximum, avec quatre couchages dans deux chambres et un dressing ou une...","og_url":"http:\/\/www.zwin-love.com\/fr\/maison\/dormir\/","og_site_name":"Ferienhaus Zwin Love","article_modified_time":"2020-12-09T09:42:50+00:00","og_image":[{"url":"http:\/\/www.zwin-love.com\/wp-content\/uploads\/2020\/08\/zwin-love_2020_70.jpg","type":"","width":"","height":""}],"twitter_card":"summary_large_image","twitter_misc":{"Dur\u00e9e de lecture estim\u00e9e":"2 minutes"},"schema":{"@context":"https:\/\/schema.org","@graph":[{"@type":"WebPage","@id":"http:\/\/www.zwin-love.com\/fr\/maison\/dormir\/","url":"http:\/\/www.zwin-love.com\/fr\/maison\/dormir\/","name":"Dormir - Ferienhaus Zwin Love","isPartOf":{"@id":"https:\/\/www.zwin-love.com\/#website"},"primaryImageOfPage":{"@id":"http:\/\/www.zwin-love.com\/fr\/maison\/dormir\/#primaryimage"},"image":{"@id":"http:\/\/www.zwin-love.com\/fr\/maison\/dormir\/#primaryimage"},"thumbnailUrl":"http:\/\/www.zwin-love.com\/wp-content\/uploads\/2020\/08\/zwin-love_2020_70.jpg","datePublished":"2020-11-17T20:37:50+00:00","dateModified":"2020-12-09T09:42:50+00:00","breadcrumb":{"@id":"http:\/\/www.zwin-love.com\/fr\/maison\/dormir\/#breadcrumb"},"inLanguage":"fr-FR","potentialAction":[{"@type":"ReadAction","target":["http:\/\/www.zwin-love.com\/fr\/maison\/dormir\/"]}]},{"@type":"ImageObject","inLanguage":"fr-FR","@id":"http:\/\/www.zwin-love.com\/fr\/maison\/dormir\/#primaryimage","url":"http:\/\/www.zwin-love.com\/wp-content\/uploads\/2020\/08\/zwin-love_2020_70.jpg","contentUrl":"http:\/\/www.zwin-love.com\/wp-content\/uploads\/2020\/08\/zwin-love_2020_70.jpg"},{"@type":"BreadcrumbList","@id":"http:\/\/www.zwin-love.com\/fr\/maison\/dormir\/#breadcrumb","itemListElement":[{"@type":"ListItem","position":1,"name":"Startseite","item":"http:\/\/www.zwin-love.com\/fr\/"},{"@type":"ListItem","position":2,"name":"Maison","item":"http:\/\/www.zwin-love.com\/fr\/maison\/"},{"@type":"ListItem","position":3,"name":"Dormir"}]},{"@type":"WebSite","@id":"https:\/\/www.zwin-love.com\/#website","url":"https:\/\/www.zwin-love.com\/","name":"Ferienhaus Zwin Love","description":"Ferienhaus bei Cadzand-Bad an der niederl\u00e4ndischen Sonnenk\u00fcste |","potentialAction":[{"@type":"SearchAction","target":{"@type":"EntryPoint","urlTemplate":"https:\/\/www.zwin-love.com\/?s={search_term_string}"},"query-input":{"@type":"PropertyValueSpecification","valueRequired":true,"valueName":"search_term_string"}}],"inLanguage":"fr-FR"}]}},"_links":{"self":[{"href":"http:\/\/www.zwin-love.com\/fr\/wp-json\/wp\/v2\/pages\/1236","targetHints":{"allow":["GET"]}}],"collection":[{"href":"http:\/\/www.zwin-love.com\/fr\/wp-json\/wp\/v2\/pages"}],"about":[{"href":"http:\/\/www.zwin-love.com\/fr\/wp-json\/wp\/v2\/types\/page"}],"author":[{"embeddable":true,"href":"http:\/\/www.zwin-love.com\/fr\/wp-json\/wp\/v2\/users\/1"}],"replies":[{"embeddable":true,"href":"http:\/\/www.zwin-love.com\/fr\/wp-json\/wp\/v2\/comments?post=1236"}],"version-history":[{"count":6,"href":"http:\/\/www.zwin-love.com\/fr\/wp-json\/wp\/v2\/pages\/1236\/revisions"}],"predecessor-version":[{"id":1306,"href":"http:\/\/www.zwin-love.com\/fr\/wp-json\/wp\/v2\/pages\/1236\/revisions\/1306"}],"up":[{"embeddable":true,"href":"http:\/\/www.zwin-love.com\/fr\/wp-json\/wp\/v2\/pages\/1247"}],"wp:attachment":[{"href":"http:\/\/www.zwin-love.com\/fr\/wp-json\/wp\/v2\/media?parent=1236"}],"curies":[{"name":"wp","href":"https:\/\/api.w.org\/{rel}","templated":true}]}}