{"id":1240,"date":"2020-11-17T20:47:47","date_gmt":"2020-11-17T20:47:47","guid":{"rendered":"http:\/\/www.zwin-love.com\/?page_id=1240"},"modified":"2020-12-09T10:07:24","modified_gmt":"2020-12-09T10:07:24","slug":"cuisine","status":"publish","type":"page","link":"http:\/\/www.zwin-love.com\/fr\/maison\/cuisine\/","title":{"rendered":"Cuisine"},"content":{"rendered":"<section class=\"wpb-content-wrapper\"><p>[vc_row css_animation=\u00a0\u00bb\u00a0\u00bb row_type=\u00a0\u00bbrow\u00a0\u00bb use_row_as_full_screen_section=\u00a0\u00bbno\u00a0\u00bb type=\u00a0\u00bbfull_width\u00a0\u00bb angled_section=\u00a0\u00bbno\u00a0\u00bb text_align=\u00a0\u00bbleft\u00a0\u00bb background_image_as_pattern=\u00a0\u00bbwithout_pattern\u00a0\u00bb][vc_column][vc_column_text]<\/p>\n<p style=\"text-align: justify;\">La cuisine moderne H\u00c4CKER de la maison de vacances \u00ab\u00a0Zwin Love\u00a0\u00bb est \u00e9quip\u00e9e de tout le confort technique, comme p.ex. un lave-vaisselle et une machine Nespresso, et tr\u00e8s bien am\u00e9nag\u00e9e pour rendre le g\u00eete pratique et agr\u00e9able en vacances. La cuisine ouverte m\u00e8ne \u00e0 la salle \u00e0 manger lumineuse et au salon avec vue sur le beau jardin.<\/p>\n<p>[\/vc_column_text][vc_empty_space][\/vc_column][\/vc_row][vc_row css_animation=\u00a0\u00bb\u00a0\u00bb row_type=\u00a0\u00bbrow\u00a0\u00bb use_row_as_full_screen_section=\u00a0\u00bbno\u00a0\u00bb type=\u00a0\u00bbfull_width\u00a0\u00bb angled_section=\u00a0\u00bbno\u00a0\u00bb text_align=\u00a0\u00bbleft\u00a0\u00bb background_image_as_pattern=\u00a0\u00bbwithout_pattern\u00a0\u00bb css=\u00a0\u00bb.vc_custom_1605645878979{background-color: #dddac1 !important;}\u00a0\u00bb z_index=\u00a0\u00bb\u00a0\u00bb][vc_column width=\u00a0\u00bb1\/3&Prime;][vc_single_image image=\u00a0\u00bb605&Prime; img_size=\u00a0\u00bbfull\u00a0\u00bb qode_css_animation=\u00a0\u00bb\u00a0\u00bb][vc_empty_space][vc_single_image image=\u00a0\u00bb1089&Prime; img_size=\u00a0\u00bbfull\u00a0\u00bb qode_css_animation=\u00a0\u00bb\u00a0\u00bb][\/vc_column][vc_column width=\u00a0\u00bb1\/3&Prime;][vc_single_image image=\u00a0\u00bb821&Prime; img_size=\u00a0\u00bbfull\u00a0\u00bb qode_css_animation=\u00a0\u00bb\u00a0\u00bb][vc_empty_space][vc_single_image image=\u00a0\u00bb653&Prime; img_size=\u00a0\u00bbfull\u00a0\u00bb qode_css_animation=\u00a0\u00bb\u00a0\u00bb][\/vc_column][vc_column width=\u00a0\u00bb1\/3&Prime;][vc_column_text]<\/p>\n<h2>\u00c9quipement de cuisine<\/h2>\n<ul>\n<li>R\u00e9chaud gaz en acier inoxydable de ETNA avec 4 plaques de cuisson, allumage pi\u00e9zo\u00e9lectrique int\u00e9gr\u00e9 et support de casserole<\/li>\n<li>R\u00e9frig\u00e9rateur-cong\u00e9lateur ETNA \u00e0 3 niveaux plus compartiment \u00e0 l\u00e9gumes, d&rsquo;une capacit\u00e9 de 133 litres et cong\u00e9lateur 3 \u00e9toiles<\/li>\n<li>Lave-vaisselle ETNA<\/li>\n<li>Micro-ondes magn\u00e9tron ETNA avec 20 programmes automatiques (dont chauffage par le bas et par le haut, gril, air chaud) et cuiseur \u00e0 vapeur<\/li>\n<li>Evier Fragranit FRANKE r\u00e9sistant \u00e0 la chaleur, aux bact\u00e9ries et \u00e0 la salet\u00e9<\/li>\n<li>Cafeti\u00e8re NESPRESSO Essenza Mini Intense, bouilloire, cafeti\u00e8re filtre et grille-pain<\/li>\n<li>Ustensiles de cuisine en acier inoxydable ZWILLING, comprenant 4 casseroles avec couvercle en verre et 3 po\u00eales \u00e0 frire<\/li>\n<li>Bloc de couteaux et planches \u00e0 d\u00e9couper diverses<\/li>\n<\/ul>\n<p>[\/vc_column_text][\/vc_column][\/vc_row][vc_row css_animation=\u00a0\u00bb\u00a0\u00bb row_type=\u00a0\u00bbrow\u00a0\u00bb use_row_as_full_screen_section=\u00a0\u00bbno\u00a0\u00bb type=\u00a0\u00bbfull_width\u00a0\u00bb angled_section=\u00a0\u00bbno\u00a0\u00bb text_align=\u00a0\u00bbleft\u00a0\u00bb background_image_as_pattern=\u00a0\u00bbwithout_pattern\u00a0\u00bb][vc_column][vc_empty_space][vc_zigzag color=\u00a0\u00bbcustom\u00a0\u00bb custom_color=\u00a0\u00bb#669fd1&Prime;][\/vc_column][\/vc_row]<\/p>\n<\/section>","protected":false},"excerpt":{"rendered":"<p>[vc_row css_animation=\u00a0\u00bb\u00a0\u00bb row_type=\u00a0\u00bbrow\u00a0\u00bb use_row_as_full_screen_section=\u00a0\u00bbno\u00a0\u00bb type=\u00a0\u00bbfull_width\u00a0\u00bb angled_section=\u00a0\u00bbno\u00a0\u00bb text_align=\u00a0\u00bbleft\u00a0\u00bb background_image_as_pattern=\u00a0\u00bbwithout_pattern\u00a0\u00bb][vc_column][vc_column_text] La cuisine moderne H\u00c4CKER de la maison de vacances \u00ab\u00a0Zwin Love\u00a0\u00bb est \u00e9quip\u00e9e de tout le confort technique, comme p.ex. un lave-vaisselle et une machine Nespresso, et tr\u00e8s bien am\u00e9nag\u00e9e pour rendre le g\u00eete pratique et agr\u00e9able&#8230;<\/p>\n","protected":false},"author":1,"featured_media":0,"parent":1247,"menu_order":0,"comment_status":"closed","ping_status":"closed","template":"","meta":{"content-type":"","footnotes":""},"class_list":["post-1240","page","type-page","status-publish","hentry"],"yoast_head":"<!-- This site is optimized with the Yoast SEO plugin v26.6 - https:\/\/yoast.com\/wordpress\/plugins\/seo\/ -->\n<title>Cuisine - Ferienhaus Zwin Love<\/title>\n<meta name=\"robots\" content=\"index, follow, max-snippet:-1, max-image-preview:large, max-video-preview:-1\" \/>\n<link rel=\"canonical\" href=\"http:\/\/www.zwin-love.com\/fr\/maison\/cuisine\/\" \/>\n<meta property=\"og:locale\" content=\"fr_FR\" \/>\n<meta property=\"og:type\" content=\"article\" \/>\n<meta property=\"og:title\" content=\"Cuisine - Ferienhaus Zwin Love\" \/>\n<meta property=\"og:description\" content=\"[vc_row css_animation=\u00a0\u00bb\u00a0\u00bb row_type=\u00a0\u00bbrow\u00a0\u00bb use_row_as_full_screen_section=\u00a0\u00bbno\u00a0\u00bb type=\u00a0\u00bbfull_width\u00a0\u00bb angled_section=\u00a0\u00bbno\u00a0\u00bb text_align=\u00a0\u00bbleft\u00a0\u00bb background_image_as_pattern=\u00a0\u00bbwithout_pattern\u00a0\u00bb][vc_column][vc_column_text] La cuisine moderne H\u00c4CKER de la maison de vacances \u00ab\u00a0Zwin Love\u00a0\u00bb est \u00e9quip\u00e9e de tout le confort technique, comme p.ex. un lave-vaisselle et une machine Nespresso, et tr\u00e8s bien am\u00e9nag\u00e9e pour rendre le g\u00eete pratique et agr\u00e9able...\" \/>\n<meta property=\"og:url\" content=\"http:\/\/www.zwin-love.com\/fr\/maison\/cuisine\/\" \/>\n<meta property=\"og:site_name\" content=\"Ferienhaus Zwin Love\" \/>\n<meta property=\"article:modified_time\" content=\"2020-12-09T10:07:24+00:00\" \/>\n<meta name=\"twitter:card\" content=\"summary_large_image\" \/>\n<meta name=\"twitter:label1\" content=\"Dur\u00e9e de lecture estim\u00e9e\" \/>\n\t<meta name=\"twitter:data1\" content=\"2 minutes\" \/>\n<script type=\"application\/ld+json\" class=\"yoast-schema-graph\">{\"@context\":\"https:\/\/schema.org\",\"@graph\":[{\"@type\":\"WebPage\",\"@id\":\"http:\/\/www.zwin-love.com\/fr\/maison\/cuisine\/\",\"url\":\"http:\/\/www.zwin-love.com\/fr\/maison\/cuisine\/\",\"name\":\"Cuisine - Ferienhaus Zwin Love\",\"isPartOf\":{\"@id\":\"https:\/\/www.zwin-love.com\/#website\"},\"datePublished\":\"2020-11-17T20:47:47+00:00\",\"dateModified\":\"2020-12-09T10:07:24+00:00\",\"breadcrumb\":{\"@id\":\"http:\/\/www.zwin-love.com\/fr\/maison\/cuisine\/#breadcrumb\"},\"inLanguage\":\"fr-FR\",\"potentialAction\":[{\"@type\":\"ReadAction\",\"target\":[\"http:\/\/www.zwin-love.com\/fr\/maison\/cuisine\/\"]}]},{\"@type\":\"BreadcrumbList\",\"@id\":\"http:\/\/www.zwin-love.com\/fr\/maison\/cuisine\/#breadcrumb\",\"itemListElement\":[{\"@type\":\"ListItem\",\"position\":1,\"name\":\"Startseite\",\"item\":\"http:\/\/www.zwin-love.com\/fr\/\"},{\"@type\":\"ListItem\",\"position\":2,\"name\":\"Maison\",\"item\":\"http:\/\/www.zwin-love.com\/fr\/maison\/\"},{\"@type\":\"ListItem\",\"position\":3,\"name\":\"Cuisine\"}]},{\"@type\":\"WebSite\",\"@id\":\"https:\/\/www.zwin-love.com\/#website\",\"url\":\"https:\/\/www.zwin-love.com\/\",\"name\":\"Ferienhaus Zwin Love\",\"description\":\"Ferienhaus bei Cadzand-Bad an der niederl\u00e4ndischen Sonnenk\u00fcste |\",\"potentialAction\":[{\"@type\":\"SearchAction\",\"target\":{\"@type\":\"EntryPoint\",\"urlTemplate\":\"https:\/\/www.zwin-love.com\/?s={search_term_string}\"},\"query-input\":{\"@type\":\"PropertyValueSpecification\",\"valueRequired\":true,\"valueName\":\"search_term_string\"}}],\"inLanguage\":\"fr-FR\"}]}<\/script>\n<!-- \/ Yoast SEO plugin. -->","yoast_head_json":{"title":"Cuisine - Ferienhaus Zwin Love","robots":{"index":"index","follow":"follow","max-snippet":"max-snippet:-1","max-image-preview":"max-image-preview:large","max-video-preview":"max-video-preview:-1"},"canonical":"http:\/\/www.zwin-love.com\/fr\/maison\/cuisine\/","og_locale":"fr_FR","og_type":"article","og_title":"Cuisine - Ferienhaus Zwin Love","og_description":"[vc_row css_animation=\u00a0\u00bb\u00a0\u00bb row_type=\u00a0\u00bbrow\u00a0\u00bb use_row_as_full_screen_section=\u00a0\u00bbno\u00a0\u00bb type=\u00a0\u00bbfull_width\u00a0\u00bb angled_section=\u00a0\u00bbno\u00a0\u00bb text_align=\u00a0\u00bbleft\u00a0\u00bb background_image_as_pattern=\u00a0\u00bbwithout_pattern\u00a0\u00bb][vc_column][vc_column_text] La cuisine moderne H\u00c4CKER de la maison de vacances \u00ab\u00a0Zwin Love\u00a0\u00bb est \u00e9quip\u00e9e de tout le confort technique, comme p.ex. un lave-vaisselle et une machine Nespresso, et tr\u00e8s bien am\u00e9nag\u00e9e pour rendre le g\u00eete pratique et agr\u00e9able...","og_url":"http:\/\/www.zwin-love.com\/fr\/maison\/cuisine\/","og_site_name":"Ferienhaus Zwin Love","article_modified_time":"2020-12-09T10:07:24+00:00","twitter_card":"summary_large_image","twitter_misc":{"Dur\u00e9e de lecture estim\u00e9e":"2 minutes"},"schema":{"@context":"https:\/\/schema.org","@graph":[{"@type":"WebPage","@id":"http:\/\/www.zwin-love.com\/fr\/maison\/cuisine\/","url":"http:\/\/www.zwin-love.com\/fr\/maison\/cuisine\/","name":"Cuisine - Ferienhaus Zwin Love","isPartOf":{"@id":"https:\/\/www.zwin-love.com\/#website"},"datePublished":"2020-11-17T20:47:47+00:00","dateModified":"2020-12-09T10:07:24+00:00","breadcrumb":{"@id":"http:\/\/www.zwin-love.com\/fr\/maison\/cuisine\/#breadcrumb"},"inLanguage":"fr-FR","potentialAction":[{"@type":"ReadAction","target":["http:\/\/www.zwin-love.com\/fr\/maison\/cuisine\/"]}]},{"@type":"BreadcrumbList","@id":"http:\/\/www.zwin-love.com\/fr\/maison\/cuisine\/#breadcrumb","itemListElement":[{"@type":"ListItem","position":1,"name":"Startseite","item":"http:\/\/www.zwin-love.com\/fr\/"},{"@type":"ListItem","position":2,"name":"Maison","item":"http:\/\/www.zwin-love.com\/fr\/maison\/"},{"@type":"ListItem","position":3,"name":"Cuisine"}]},{"@type":"WebSite","@id":"https:\/\/www.zwin-love.com\/#website","url":"https:\/\/www.zwin-love.com\/","name":"Ferienhaus Zwin Love","description":"Ferienhaus bei Cadzand-Bad an der niederl\u00e4ndischen Sonnenk\u00fcste |","potentialAction":[{"@type":"SearchAction","target":{"@type":"EntryPoint","urlTemplate":"https:\/\/www.zwin-love.com\/?s={search_term_string}"},"query-input":{"@type":"PropertyValueSpecification","valueRequired":true,"valueName":"search_term_string"}}],"inLanguage":"fr-FR"}]}},"_links":{"self":[{"href":"http:\/\/www.zwin-love.com\/fr\/wp-json\/wp\/v2\/pages\/1240","targetHints":{"allow":["GET"]}}],"collection":[{"href":"http:\/\/www.zwin-love.com\/fr\/wp-json\/wp\/v2\/pages"}],"about":[{"href":"http:\/\/www.zwin-love.com\/fr\/wp-json\/wp\/v2\/types\/page"}],"author":[{"embeddable":true,"href":"http:\/\/www.zwin-love.com\/fr\/wp-json\/wp\/v2\/users\/1"}],"replies":[{"embeddable":true,"href":"http:\/\/www.zwin-love.com\/fr\/wp-json\/wp\/v2\/comments?post=1240"}],"version-history":[{"count":7,"href":"http:\/\/www.zwin-love.com\/fr\/wp-json\/wp\/v2\/pages\/1240\/revisions"}],"predecessor-version":[{"id":1313,"href":"http:\/\/www.zwin-love.com\/fr\/wp-json\/wp\/v2\/pages\/1240\/revisions\/1313"}],"up":[{"embeddable":true,"href":"http:\/\/www.zwin-love.com\/fr\/wp-json\/wp\/v2\/pages\/1247"}],"wp:attachment":[{"href":"http:\/\/www.zwin-love.com\/fr\/wp-json\/wp\/v2\/media?parent=1240"}],"curies":[{"name":"wp","href":"https:\/\/api.w.org\/{rel}","templated":true}]}}