{"id":1242,"date":"2020-11-17T20:57:03","date_gmt":"2020-11-17T20:57:03","guid":{"rendered":"http:\/\/www.zwin-love.com\/?page_id=1242"},"modified":"2022-01-08T14:53:45","modified_gmt":"2022-01-08T14:53:45","slug":"manger","status":"publish","type":"page","link":"http:\/\/www.zwin-love.com\/fr\/maison\/manger\/","title":{"rendered":"Manger"},"content":{"rendered":"<section class=\"wpb-content-wrapper\"><p>[vc_row css_animation=\u00a0\u00bb\u00a0\u00bb row_type=\u00a0\u00bbrow\u00a0\u00bb use_row_as_full_screen_section=\u00a0\u00bbno\u00a0\u00bb type=\u00a0\u00bbfull_width\u00a0\u00bb angled_section=\u00a0\u00bbno\u00a0\u00bb text_align=\u00a0\u00bbleft\u00a0\u00bb background_image_as_pattern=\u00a0\u00bbwithout_pattern\u00a0\u00bb][vc_column][vc_gallery interval=\u00a0\u00bb3&Prime; images=\u00a0\u00bb1462,267,265,486&Prime; img_size=\u00a0\u00bbfull\u00a0\u00bb][vc_column_text]<\/p>\n<p style=\"text-align: justify;\">La salle \u00e0 manger relie de mani\u00e8re communicative la cuisine moderne et le salon confortable.\u00a0 Elle offre, avec une table en bois blanche vitr\u00e9e agrandie et des chaises de directeur maritime, un espace pour 4 \u00e0 6 personnes. Lors d&rsquo;un repas convivial sous le toit de chaume ouvert, les convives profitent de la vue \u00e0 travers les grandes fen\u00eatres de la salle sur le grand jardin ou sur le nid de cigogne voisin.<\/p>\n<p>[\/vc_column_text][vc_empty_space][\/vc_column][\/vc_row][vc_row css_animation=\u00a0\u00bb\u00a0\u00bb row_type=\u00a0\u00bbrow\u00a0\u00bb use_row_as_full_screen_section=\u00a0\u00bbno\u00a0\u00bb type=\u00a0\u00bbfull_width\u00a0\u00bb angled_section=\u00a0\u00bbno\u00a0\u00bb text_align=\u00a0\u00bbleft\u00a0\u00bb background_image_as_pattern=\u00a0\u00bbwithout_pattern\u00a0\u00bb][vc_column width=\u00a0\u00bb1\/3&Prime;][vc_single_image image=\u00a0\u00bb1459&Prime; img_size=\u00a0\u00bbfull\u00a0\u00bb qode_css_animation=\u00a0\u00bb\u00a0\u00bb][\/vc_column][vc_column width=\u00a0\u00bb1\/3&Prime;][vc_single_image image=\u00a0\u00bb82&Prime; img_size=\u00a0\u00bbfull\u00a0\u00bb qode_css_animation=\u00a0\u00bb\u00a0\u00bb][\/vc_column][vc_column width=\u00a0\u00bb1\/3&Prime;][vc_single_image image=\u00a0\u00bb175&Prime; img_size=\u00a0\u00bbfull\u00a0\u00bb qode_css_animation=\u00a0\u00bb\u00a0\u00bb][\/vc_column][\/vc_row][vc_row css_animation=\u00a0\u00bb\u00a0\u00bb row_type=\u00a0\u00bbrow\u00a0\u00bb use_row_as_full_screen_section=\u00a0\u00bbno\u00a0\u00bb type=\u00a0\u00bbfull_width\u00a0\u00bb angled_section=\u00a0\u00bbno\u00a0\u00bb text_align=\u00a0\u00bbleft\u00a0\u00bb background_image_as_pattern=\u00a0\u00bbwithout_pattern\u00a0\u00bb][vc_column][vc_empty_space][vc_zigzag color=\u00a0\u00bbcustom\u00a0\u00bb custom_color=\u00a0\u00bb#669fd1&Prime;][\/vc_column][\/vc_row]<\/p>\n<\/section>","protected":false},"excerpt":{"rendered":"<p>[vc_row css_animation=\u00a0\u00bb\u00a0\u00bb row_type=\u00a0\u00bbrow\u00a0\u00bb use_row_as_full_screen_section=\u00a0\u00bbno\u00a0\u00bb type=\u00a0\u00bbfull_width\u00a0\u00bb angled_section=\u00a0\u00bbno\u00a0\u00bb text_align=\u00a0\u00bbleft\u00a0\u00bb background_image_as_pattern=\u00a0\u00bbwithout_pattern\u00a0\u00bb][vc_column][vc_gallery interval=\u00a0\u00bb3&Prime; images=\u00a0\u00bb1462,267,265,486&Prime; img_size=\u00a0\u00bbfull\u00a0\u00bb][vc_column_text] La salle \u00e0 manger relie de mani\u00e8re communicative la cuisine moderne et le salon confortable.\u00a0 Elle offre, avec une table en bois blanche vitr\u00e9e agrandie et des chaises de directeur maritime, un espace pour&#8230;<\/p>\n","protected":false},"author":1,"featured_media":0,"parent":1247,"menu_order":0,"comment_status":"closed","ping_status":"closed","template":"","meta":{"content-type":"","footnotes":""},"class_list":["post-1242","page","type-page","status-publish","hentry"],"yoast_head":"<!-- This site is optimized with the Yoast SEO plugin v26.6 - https:\/\/yoast.com\/wordpress\/plugins\/seo\/ -->\n<title>Manger - Ferienhaus Zwin Love<\/title>\n<meta name=\"robots\" content=\"index, follow, max-snippet:-1, max-image-preview:large, max-video-preview:-1\" \/>\n<link rel=\"canonical\" href=\"http:\/\/www.zwin-love.com\/fr\/maison\/manger\/\" \/>\n<meta property=\"og:locale\" content=\"fr_FR\" \/>\n<meta property=\"og:type\" content=\"article\" \/>\n<meta property=\"og:title\" content=\"Manger - Ferienhaus Zwin Love\" \/>\n<meta property=\"og:description\" content=\"[vc_row css_animation=\u00a0\u00bb\u00a0\u00bb row_type=\u00a0\u00bbrow\u00a0\u00bb use_row_as_full_screen_section=\u00a0\u00bbno\u00a0\u00bb type=\u00a0\u00bbfull_width\u00a0\u00bb angled_section=\u00a0\u00bbno\u00a0\u00bb text_align=\u00a0\u00bbleft\u00a0\u00bb background_image_as_pattern=\u00a0\u00bbwithout_pattern\u00a0\u00bb][vc_column][vc_gallery interval=\u00a0\u00bb3&Prime; images=\u00a0\u00bb1462,267,265,486&Prime; img_size=\u00a0\u00bbfull\u00a0\u00bb][vc_column_text] La salle \u00e0 manger relie de mani\u00e8re communicative la cuisine moderne et le salon confortable.\u00a0 Elle offre, avec une table en bois blanche vitr\u00e9e agrandie et des chaises de directeur maritime, un espace pour...\" \/>\n<meta property=\"og:url\" content=\"http:\/\/www.zwin-love.com\/fr\/maison\/manger\/\" \/>\n<meta property=\"og:site_name\" content=\"Ferienhaus Zwin Love\" \/>\n<meta property=\"article:modified_time\" content=\"2022-01-08T14:53:45+00:00\" \/>\n<meta name=\"twitter:card\" content=\"summary_large_image\" \/>\n<meta name=\"twitter:label1\" content=\"Dur\u00e9e de lecture estim\u00e9e\" \/>\n\t<meta name=\"twitter:data1\" content=\"1 minute\" \/>\n<script type=\"application\/ld+json\" class=\"yoast-schema-graph\">{\"@context\":\"https:\/\/schema.org\",\"@graph\":[{\"@type\":\"WebPage\",\"@id\":\"http:\/\/www.zwin-love.com\/fr\/maison\/manger\/\",\"url\":\"http:\/\/www.zwin-love.com\/fr\/maison\/manger\/\",\"name\":\"Manger - Ferienhaus Zwin Love\",\"isPartOf\":{\"@id\":\"https:\/\/www.zwin-love.com\/#website\"},\"datePublished\":\"2020-11-17T20:57:03+00:00\",\"dateModified\":\"2022-01-08T14:53:45+00:00\",\"breadcrumb\":{\"@id\":\"http:\/\/www.zwin-love.com\/fr\/maison\/manger\/#breadcrumb\"},\"inLanguage\":\"fr-FR\",\"potentialAction\":[{\"@type\":\"ReadAction\",\"target\":[\"http:\/\/www.zwin-love.com\/fr\/maison\/manger\/\"]}]},{\"@type\":\"BreadcrumbList\",\"@id\":\"http:\/\/www.zwin-love.com\/fr\/maison\/manger\/#breadcrumb\",\"itemListElement\":[{\"@type\":\"ListItem\",\"position\":1,\"name\":\"Startseite\",\"item\":\"http:\/\/www.zwin-love.com\/fr\/\"},{\"@type\":\"ListItem\",\"position\":2,\"name\":\"Maison\",\"item\":\"http:\/\/www.zwin-love.com\/fr\/maison\/\"},{\"@type\":\"ListItem\",\"position\":3,\"name\":\"Manger\"}]},{\"@type\":\"WebSite\",\"@id\":\"https:\/\/www.zwin-love.com\/#website\",\"url\":\"https:\/\/www.zwin-love.com\/\",\"name\":\"Ferienhaus Zwin Love\",\"description\":\"Ferienhaus bei Cadzand-Bad an der niederl\u00e4ndischen Sonnenk\u00fcste |\",\"potentialAction\":[{\"@type\":\"SearchAction\",\"target\":{\"@type\":\"EntryPoint\",\"urlTemplate\":\"https:\/\/www.zwin-love.com\/?s={search_term_string}\"},\"query-input\":{\"@type\":\"PropertyValueSpecification\",\"valueRequired\":true,\"valueName\":\"search_term_string\"}}],\"inLanguage\":\"fr-FR\"}]}<\/script>\n<!-- \/ Yoast SEO plugin. -->","yoast_head_json":{"title":"Manger - Ferienhaus Zwin Love","robots":{"index":"index","follow":"follow","max-snippet":"max-snippet:-1","max-image-preview":"max-image-preview:large","max-video-preview":"max-video-preview:-1"},"canonical":"http:\/\/www.zwin-love.com\/fr\/maison\/manger\/","og_locale":"fr_FR","og_type":"article","og_title":"Manger - Ferienhaus Zwin Love","og_description":"[vc_row css_animation=\u00a0\u00bb\u00a0\u00bb row_type=\u00a0\u00bbrow\u00a0\u00bb use_row_as_full_screen_section=\u00a0\u00bbno\u00a0\u00bb type=\u00a0\u00bbfull_width\u00a0\u00bb angled_section=\u00a0\u00bbno\u00a0\u00bb text_align=\u00a0\u00bbleft\u00a0\u00bb background_image_as_pattern=\u00a0\u00bbwithout_pattern\u00a0\u00bb][vc_column][vc_gallery interval=\u00a0\u00bb3&Prime; images=\u00a0\u00bb1462,267,265,486&Prime; img_size=\u00a0\u00bbfull\u00a0\u00bb][vc_column_text] La salle \u00e0 manger relie de mani\u00e8re communicative la cuisine moderne et le salon confortable.\u00a0 Elle offre, avec une table en bois blanche vitr\u00e9e agrandie et des chaises de directeur maritime, un espace pour...","og_url":"http:\/\/www.zwin-love.com\/fr\/maison\/manger\/","og_site_name":"Ferienhaus Zwin Love","article_modified_time":"2022-01-08T14:53:45+00:00","twitter_card":"summary_large_image","twitter_misc":{"Dur\u00e9e de lecture estim\u00e9e":"1 minute"},"schema":{"@context":"https:\/\/schema.org","@graph":[{"@type":"WebPage","@id":"http:\/\/www.zwin-love.com\/fr\/maison\/manger\/","url":"http:\/\/www.zwin-love.com\/fr\/maison\/manger\/","name":"Manger - Ferienhaus Zwin Love","isPartOf":{"@id":"https:\/\/www.zwin-love.com\/#website"},"datePublished":"2020-11-17T20:57:03+00:00","dateModified":"2022-01-08T14:53:45+00:00","breadcrumb":{"@id":"http:\/\/www.zwin-love.com\/fr\/maison\/manger\/#breadcrumb"},"inLanguage":"fr-FR","potentialAction":[{"@type":"ReadAction","target":["http:\/\/www.zwin-love.com\/fr\/maison\/manger\/"]}]},{"@type":"BreadcrumbList","@id":"http:\/\/www.zwin-love.com\/fr\/maison\/manger\/#breadcrumb","itemListElement":[{"@type":"ListItem","position":1,"name":"Startseite","item":"http:\/\/www.zwin-love.com\/fr\/"},{"@type":"ListItem","position":2,"name":"Maison","item":"http:\/\/www.zwin-love.com\/fr\/maison\/"},{"@type":"ListItem","position":3,"name":"Manger"}]},{"@type":"WebSite","@id":"https:\/\/www.zwin-love.com\/#website","url":"https:\/\/www.zwin-love.com\/","name":"Ferienhaus Zwin Love","description":"Ferienhaus bei Cadzand-Bad an der niederl\u00e4ndischen Sonnenk\u00fcste |","potentialAction":[{"@type":"SearchAction","target":{"@type":"EntryPoint","urlTemplate":"https:\/\/www.zwin-love.com\/?s={search_term_string}"},"query-input":{"@type":"PropertyValueSpecification","valueRequired":true,"valueName":"search_term_string"}}],"inLanguage":"fr-FR"}]}},"_links":{"self":[{"href":"http:\/\/www.zwin-love.com\/fr\/wp-json\/wp\/v2\/pages\/1242","targetHints":{"allow":["GET"]}}],"collection":[{"href":"http:\/\/www.zwin-love.com\/fr\/wp-json\/wp\/v2\/pages"}],"about":[{"href":"http:\/\/www.zwin-love.com\/fr\/wp-json\/wp\/v2\/types\/page"}],"author":[{"embeddable":true,"href":"http:\/\/www.zwin-love.com\/fr\/wp-json\/wp\/v2\/users\/1"}],"replies":[{"embeddable":true,"href":"http:\/\/www.zwin-love.com\/fr\/wp-json\/wp\/v2\/comments?post=1242"}],"version-history":[{"count":4,"href":"http:\/\/www.zwin-love.com\/fr\/wp-json\/wp\/v2\/pages\/1242\/revisions"}],"predecessor-version":[{"id":1466,"href":"http:\/\/www.zwin-love.com\/fr\/wp-json\/wp\/v2\/pages\/1242\/revisions\/1466"}],"up":[{"embeddable":true,"href":"http:\/\/www.zwin-love.com\/fr\/wp-json\/wp\/v2\/pages\/1247"}],"wp:attachment":[{"href":"http:\/\/www.zwin-love.com\/fr\/wp-json\/wp\/v2\/media?parent=1242"}],"curies":[{"name":"wp","href":"https:\/\/api.w.org\/{rel}","templated":true}]}}