{"id":1257,"date":"2020-11-17T21:14:00","date_gmt":"2020-11-17T21:14:00","guid":{"rendered":"http:\/\/www.zwin-love.com\/?page_id=1257"},"modified":"2023-08-07T07:25:19","modified_gmt":"2023-08-07T07:25:19","slug":"bienvenue-au-zwin-love","status":"publish","type":"page","link":"https:\/\/www.zwin-love.com\/fr\/","title":{"rendered":"Bienvenue au Zwin Love"},"content":{"rendered":"<section class=\"wpb-content-wrapper\"><p>[vc_row css_animation=\u00a0\u00bb\u00a0\u00bb row_type=\u00a0\u00bbrow\u00a0\u00bb use_row_as_full_screen_section=\u00a0\u00bbno\u00a0\u00bb type=\u00a0\u00bbfull_width\u00a0\u00bb angled_section=\u00a0\u00bbno\u00a0\u00bb text_align=\u00a0\u00bbleft\u00a0\u00bb background_image_as_pattern=\u00a0\u00bbwithout_pattern\u00a0\u00bb][vc_column][vc_empty_space][vc_column_text]<\/p>\n<h4 style=\"text-align: center;\"><span style=\"font-size: 24pt; color: #3d8cba;\">BIENVENUE \u00e0 LA MAISON DE VANCANCES \u00ab\u00a0ZWIN LOVE\u00a0\u00bb !<\/span><\/h4>\n<p>[\/vc_column_text][vc_row_inner row_type=\u00a0\u00bbrow\u00a0\u00bb type=\u00a0\u00bbfull_width\u00a0\u00bb text_align=\u00a0\u00bbleft\u00a0\u00bb css_animation=\u00a0\u00bb\u00a0\u00bb][vc_column_inner][vc_empty_space][vc_column_text]<\/p>\n<p style=\"text-align: justify;\">Notre maison de vacances \u00ab\u00a0Zwin Love\u00a0\u00bb, au design r\u00e9tro et au mobilier \u00e0 la fois moderne et fonctionnel, est situ\u00e9e dans le \u00ab\u00a0Zomerdorp Het Zwin\u00a0\u00bb, dans la r\u00e9gion la plus m\u00e9ridionale et la plus ensoleill\u00e9e des Pays-Bas, \u00e0 seulement 500 m\u00e8tres derri\u00e8re la digue. Les dunes pittoresques, la large plage de sable fin, le centre de Cadzand-Bad, le vieux village paisible de Cadzand et le petit village frontalier de Retranchement ne sont qu&rsquo;\u00e0 quelques minutes en v\u00e9lo ou \u00e0 pied. Le bungalow ind\u00e9pendant de plain-pied, qui a l&rsquo;ambiance d&rsquo;une maison de plage, peut accueillir jusqu&rsquo;\u00e0 quatre personnes, dispose d&rsquo;une cuisine moderne et parfaitement \u00e9quip\u00e9e et d&rsquo;une salle de bains confortable avec douche \u00e0 effet pluie. Le jardin am\u00e9nag\u00e9 avec amour dans le style marin, avec des herbes, des roseaux, des saules et une vaste pelouse, offre toute la journ\u00e9e des places au soleil et \u00e0 l&rsquo;ombre pour se d\u00e9tendre, un banc de jardin lounge invite \u00e0 un Sundowner chill ou \u00e0 une petite heure de lecture contemplative. Vous vous sentirez \u00e0 l&rsquo;aise dans la maison de vacances \u00ab\u00a0Zwin Love\u00a0\u00bb !<\/p>\n<p>[\/vc_column_text][vc_empty_space][\/vc_column_inner][\/vc_row_inner][\/vc_column][\/vc_row][vc_row css_animation=\u00a0\u00bb\u00a0\u00bb row_type=\u00a0\u00bbrow\u00a0\u00bb use_row_as_full_screen_section=\u00a0\u00bbno\u00a0\u00bb type=\u00a0\u00bbfull_width\u00a0\u00bb angled_section=\u00a0\u00bbno\u00a0\u00bb text_align=\u00a0\u00bbleft\u00a0\u00bb background_image_as_pattern=\u00a0\u00bbwithout_pattern\u00a0\u00bb][vc_column width=\u00a0\u00bb1\/4&Prime;][vc_single_image image=\u00a0\u00bb959&Prime; img_size=\u00a0\u00bbmedium\u00a0\u00bb qode_css_animation=\u00a0\u00bb\u00a0\u00bb][vc_empty_space][\/vc_column][vc_column width=\u00a0\u00bb3\/4&Prime;][vc_zigzag color=\u00a0\u00bbcustom\u00a0\u00bb custom_color=\u00a0\u00bb#669fd1&Prime;]<blockquote class=' with_quote_icon' style=''><i class='fa fa-quote-right' style='color: #669fd1;'><\/i><h5 class='blockquote-text' style=' line-height: 36px;'>\u00catre r\u00e9veill\u00e9 le matin par le fracas des cigognes. A midi, jouez avec les pieds dans les vagues de la mer du Nord. S'endormir le soir au grondement du ressac.<\/h5><\/blockquote>[vc_zigzag color=\u00a0\u00bbcustom\u00a0\u00bb custom_color=\u00a0\u00bb#669fd1&Prime;][\/vc_column][\/vc_row][vc_row css_animation=\u00a0\u00bb\u00a0\u00bb row_type=\u00a0\u00bbrow\u00a0\u00bb use_row_as_full_screen_section=\u00a0\u00bbno\u00a0\u00bb type=\u00a0\u00bbfull_width\u00a0\u00bb angled_section=\u00a0\u00bbno\u00a0\u00bb text_align=\u00a0\u00bbleft\u00a0\u00bb background_image_as_pattern=\u00a0\u00bbwithout_pattern\u00a0\u00bb][vc_column][vc_empty_space][\/vc_column][\/vc_row][vc_row css_animation=\u00a0\u00bb\u00a0\u00bb row_type=\u00a0\u00bbrow\u00a0\u00bb use_row_as_full_screen_section=\u00a0\u00bbno\u00a0\u00bb type=\u00a0\u00bbfull_width\u00a0\u00bb angled_section=\u00a0\u00bbno\u00a0\u00bb text_align=\u00a0\u00bbleft\u00a0\u00bb background_image_as_pattern=\u00a0\u00bbwithout_pattern\u00a0\u00bb][vc_column width=\u00a0\u00bb1\/2&Prime;][vc_column_text]<\/p>\n<h1>Maison<\/h1>\n<p style=\"text-align: justify;\"><img fetchpriority=\"high\" decoding=\"async\" class=\"alignnone wp-image-1606 size-full\" src=\"http:\/\/www.zwin-love.com\/wp-content\/uploads\/2023\/08\/zwin-love_2023_2.jpg\" alt=\"\" width=\"1152\" height=\"768\" srcset=\"https:\/\/www.zwin-love.com\/wp-content\/uploads\/2023\/08\/zwin-love_2023_2.jpg 1152w, https:\/\/www.zwin-love.com\/wp-content\/uploads\/2023\/08\/zwin-love_2023_2-300x200.jpg 300w, https:\/\/www.zwin-love.com\/wp-content\/uploads\/2023\/08\/zwin-love_2023_2-1024x683.jpg 1024w, https:\/\/www.zwin-love.com\/wp-content\/uploads\/2023\/08\/zwin-love_2023_2-768x512.jpg 768w, https:\/\/www.zwin-love.com\/wp-content\/uploads\/2023\/08\/zwin-love_2023_2-700x467.jpg 700w\" sizes=\"(max-width: 1152px) 100vw, 1152px\" \/>Le confortable bungalow de vacances \u00ab\u00a0Zwin Love\u00a0\u00bb est le lieu de s\u00e9jour id\u00e9al pour les c\u00e9libataires, les couples ou les familles qui recherchent le calme et la d\u00e9tente. Sur 72 m\u00b2 plus un grand jardin, offre de l&rsquo;espace pour quatre personnes au maximum. La maison dispose de deux chambres \u00e0 coucher, l&rsquo;une avec un lit double et l&rsquo;autre avec deux lits superpos\u00e9s. <a href=\"http:\/\/www.zwin-love.com\/fr\/maison\/\">&#8230;suite&#8230;<\/a><\/p>\n<p>[\/vc_column_text][\/vc_column][vc_column width=\u00a0\u00bb1\/2&Prime;][vc_column_text]<\/p>\n<h1>Situation<\/h1>\n<p style=\"text-align: justify;\"><img decoding=\"async\" class=\"alignnone wp-image-1373 size-full\" src=\"http:\/\/www.zwin-love.com\/wp-content\/uploads\/2021\/06\/cadzand_duenen_zwin_2021_1.jpg\" alt=\"\" width=\"1152\" height=\"768\" srcset=\"https:\/\/www.zwin-love.com\/wp-content\/uploads\/2021\/06\/cadzand_duenen_zwin_2021_1.jpg 1152w, https:\/\/www.zwin-love.com\/wp-content\/uploads\/2021\/06\/cadzand_duenen_zwin_2021_1-300x200.jpg 300w, https:\/\/www.zwin-love.com\/wp-content\/uploads\/2021\/06\/cadzand_duenen_zwin_2021_1-1024x683.jpg 1024w, https:\/\/www.zwin-love.com\/wp-content\/uploads\/2021\/06\/cadzand_duenen_zwin_2021_1-768x512.jpg 768w, https:\/\/www.zwin-love.com\/wp-content\/uploads\/2021\/06\/cadzand_duenen_zwin_2021_1-700x467.jpg 700w\" sizes=\"(max-width: 1152px) 100vw, 1152px\" \/>Notre maison de vacances \u00ab\u00a0Zwin Love\u00a0\u00bb est situ\u00e9e dans le \u00ab\u00a0Zomerdorp Het Zwin\u00a0\u00bb entre Cadzand-Bad et Retranchement, \u00e0 l&rsquo;extr\u00eame sud-ouest des Pays-Bas, sur la c\u00f4te de la mer du Nord, juste derri\u00e8re les dunes. La mer et la r\u00e9serve naturelle \u00ab\u00a0Het Zwin\u00a0\u00bb dans la zone frontali\u00e8re entre les Pays-Bas et la Belgique sont tr\u00e8s proches <a href=\"http:\/\/www.zwin-love.com\/fr\/situation\/\">&#8230;suite&#8230;<\/a><\/p>\n<p>[\/vc_column_text][\/vc_column][\/vc_row][vc_row css_animation=\u00a0\u00bb\u00a0\u00bb row_type=\u00a0\u00bbrow\u00a0\u00bb use_row_as_full_screen_section=\u00a0\u00bbno\u00a0\u00bb type=\u00a0\u00bbfull_width\u00a0\u00bb angled_section=\u00a0\u00bbno\u00a0\u00bb text_align=\u00a0\u00bbleft\u00a0\u00bb background_image_as_pattern=\u00a0\u00bbwithout_pattern\u00a0\u00bb][vc_column width=\u00a0\u00bb1\/2&Prime;][vc_column_text]<\/p>\n<h1>R\u00e9servation<\/h1>\n<h1><a href=\"http:\/\/www.zwin-love.com\/fr\/tarifs-et-reservation\/\"><img decoding=\"async\" class=\"alignnone size-full wp-image-818\" src=\"http:\/\/www.zwin-love.com\/wp-content\/uploads\/2020\/04\/calendar-pixabay_1990453_1920.jpg\" alt=\"\" width=\"1152\" height=\"768\" srcset=\"https:\/\/www.zwin-love.com\/wp-content\/uploads\/2020\/04\/calendar-pixabay_1990453_1920.jpg 1152w, https:\/\/www.zwin-love.com\/wp-content\/uploads\/2020\/04\/calendar-pixabay_1990453_1920-300x200.jpg 300w, https:\/\/www.zwin-love.com\/wp-content\/uploads\/2020\/04\/calendar-pixabay_1990453_1920-1024x683.jpg 1024w, https:\/\/www.zwin-love.com\/wp-content\/uploads\/2020\/04\/calendar-pixabay_1990453_1920-768x512.jpg 768w, https:\/\/www.zwin-love.com\/wp-content\/uploads\/2020\/04\/calendar-pixabay_1990453_1920-700x467.jpg 700w\" sizes=\"(max-width: 1152px) 100vw, 1152px\" \/><\/a><\/h1>\n<p style=\"text-align: justify;\">Pour un week-end ou plusieurs semaines de vacances, en \u00e9t\u00e9, au printemps, en automne ou m\u00eame en hiver, un s\u00e9jour \u00e0 Cadzand-Bad vaut la peine \u00e0 tout moment de l&rsquo;ann\u00e9e ! La maison de vacances \u00ab\u00a0Zwin Love\u00a0\u00bb offre des possibilit\u00e9s de r\u00e9servation flexibles en fonction de la saison. <a href=\"http:\/\/www.zwin-love.com\/fr\/tarifs-et-reservation\/\">&#8230;suite&#8230;<\/a><\/p>\n<p>[\/vc_column_text][\/vc_column][vc_column width=\u00a0\u00bb1\/2&Prime;][vc_column_text]<\/p>\n<h1>Environnement<\/h1>\n<p style=\"text-align: justify;\"><a href=\"http:\/\/www.zwin-love.com\/fr\/situation\/\"><img loading=\"lazy\" decoding=\"async\" class=\"alignnone size-full wp-image-710\" src=\"http:\/\/www.zwin-love.com\/wp-content\/uploads\/2020\/04\/br\u00fcgge_marktplatz_9.jpg\" alt=\"\" width=\"1152\" height=\"768\" srcset=\"https:\/\/www.zwin-love.com\/wp-content\/uploads\/2020\/04\/br\u00fcgge_marktplatz_9.jpg 1152w, https:\/\/www.zwin-love.com\/wp-content\/uploads\/2020\/04\/br\u00fcgge_marktplatz_9-300x200.jpg 300w, https:\/\/www.zwin-love.com\/wp-content\/uploads\/2020\/04\/br\u00fcgge_marktplatz_9-1024x683.jpg 1024w, https:\/\/www.zwin-love.com\/wp-content\/uploads\/2020\/04\/br\u00fcgge_marktplatz_9-768x512.jpg 768w, https:\/\/www.zwin-love.com\/wp-content\/uploads\/2020\/04\/br\u00fcgge_marktplatz_9-700x467.jpg 700w\" sizes=\"(max-width: 1152px) 100vw, 1152px\" \/><\/a>La \u00ab Zwin Love \u00bb est un point de d\u00e9part id\u00e9al pour des excursions d&rsquo;une journ\u00e9e en v\u00e9lo ou en voiture dans les environs. Visitez des villes portuaires int\u00e9ressantes, des villages de polders contemplatifs, des villes hans\u00e9atiques historiques, des grandes villes turbulentes ou d&rsquo;autres destinations de shopping. <a href=\"http:\/\/www.zwin-love.com\/fr\/situation\/\">&#8230;suite&#8230;<\/a><\/p>\n<p>[\/vc_column_text][\/vc_column][\/vc_row][vc_row css_animation=\u00a0\u00bb\u00a0\u00bb row_type=\u00a0\u00bbrow\u00a0\u00bb use_row_as_full_screen_section=\u00a0\u00bbno\u00a0\u00bb type=\u00a0\u00bbfull_width\u00a0\u00bb angled_section=\u00a0\u00bbno\u00a0\u00bb text_align=\u00a0\u00bbleft\u00a0\u00bb background_image_as_pattern=\u00a0\u00bbwithout_pattern\u00a0\u00bb][vc_column][vc_zigzag color=\u00a0\u00bbcustom\u00a0\u00bb custom_color=\u00a0\u00bb#669fd1&Prime;][vc_empty_space][\/vc_column][\/vc_row][vc_row css_animation=\u00a0\u00bb\u00a0\u00bb row_type=\u00a0\u00bbrow\u00a0\u00bb use_row_as_full_screen_section=\u00a0\u00bbno\u00a0\u00bb type=\u00a0\u00bbfull_width\u00a0\u00bb angled_section=\u00a0\u00bbno\u00a0\u00bb text_align=\u00a0\u00bbleft\u00a0\u00bb background_image_as_pattern=\u00a0\u00bbwithout_pattern\u00a0\u00bb][vc_column][animated_icons_with_text columns=\u00a0\u00bbthree_columns\u00a0\u00bb][animated_icon_with_text title_tag=\u00a0\u00bbh2&Prime; icon=\u00a0\u00bbfa-home\u00a0\u00bb title=\u00a0\u00bbAcc\u00e8s rapide en voiture\u00a0\u00bb text=\u00a0\u00bbbungalow ind\u00e9pendant de plain-pied, avec grand jardin\u00a0\u00bb icon_color=\u00a0\u00bb#669fd1&Prime; border_color=\u00a0\u00bb#669fd1&Prime; icon_background_color_hover=\u00a0\u00bb#756646&Prime; border_color_hover=\u00a0\u00bb#669fd1&Prime;][animated_icon_with_text title_tag=\u00a0\u00bbh2&Prime; icon=\u00a0\u00bbfa-user\u00a0\u00bb title=\u00a0\u00bbEspace pour 4 personnes\u00a0\u00bb text=\u00a0\u00bbId\u00e9al pour les couples et les familles avec 1 \u00e0 2 enfants\u00a0\u00bb icon_color=\u00a0\u00bb#669fd1&Prime; border_color=\u00a0\u00bb#669fd1&Prime; icon_background_color_hover=\u00a0\u00bb#756646&Prime; border_color_hover=\u00a0\u00bb#669fd1&Prime;][animated_icon_with_text title_tag=\u00a0\u00bbh2&Prime; icon=\u00a0\u00bbfa-wifi\u00a0\u00bb title=\u00a0\u00bbWiFi gratuit\u00a0\u00bb text=\u00a0\u00bbWiFi rapide\u00a0\u00bb icon_color=\u00a0\u00bb#669fd1&Prime; border_color=\u00a0\u00bb#669fd1&Prime; icon_background_color_hover=\u00a0\u00bb#756646&Prime; border_color_hover=\u00a0\u00bb#669fd1&Prime;][animated_icon_with_text title_tag=\u00a0\u00bbh2&Prime; icon=\u00a0\u00bbfa-paw\u00a0\u00bb title=\u00a0\u00bbMer, plage et nature \u00e0 proximit\u00e9\u00a0\u00bb text=\u00a0\u00bbDix minutes de marche vers les dunes et la plage du \u00ab\u00a0Zwin\u00ab\u00a0\u00a0\u00bb icon_color=\u00a0\u00bb#669fd1&Prime; border_color=\u00a0\u00bb#669fd1&Prime; icon_background_color_hover=\u00a0\u00bb#756646&Prime; border_color_hover=\u00a0\u00bb#669fd1&Prime;][animated_icon_with_text title_tag=\u00a0\u00bbh2&Prime; icon=\u00a0\u00bbfa-heartbeat\u00a0\u00bb title=\u00a0\u00bbSituation calme avec jardin\u00a0\u00bb text=\u00a0\u00bbCirculation automobile uniquement pour les r\u00e9sidents du \u00ab Zomerdorp Het Zwin \u00bb\u00a0\u00bb icon_color=\u00a0\u00bb#669fd1&Prime; border_color=\u00a0\u00bb#669fd1&Prime; icon_background_color_hover=\u00a0\u00bb#756646&Prime; border_color_hover=\u00a0\u00bb#669fd1&Prime;][animated_icon_with_text title_tag=\u00a0\u00bbh2&Prime; icon=\u00a0\u00bbfa-bicycle\u00a0\u00bb title=\u00a0\u00bbEnvironnement attractif\u00a0\u00bb text=\u00a0\u00bbBruges, Knokke-Heist, Gand, Anvers &amp; r\u00e9serves naturelles\u00a0\u00bb icon_color=\u00a0\u00bb#669fd1&Prime; border_color=\u00a0\u00bb#669fd1&Prime; icon_background_color_hover=\u00a0\u00bb#756646&Prime; border_color_hover=\u00a0\u00bb#669fd1&Prime;][\/animated_icons_with_text][\/vc_column][\/vc_row][vc_row css_animation=\u00a0\u00bb\u00a0\u00bb row_type=\u00a0\u00bbrow\u00a0\u00bb use_row_as_full_screen_section=\u00a0\u00bbno\u00a0\u00bb type=\u00a0\u00bbfull_width\u00a0\u00bb angled_section=\u00a0\u00bbno\u00a0\u00bb text_align=\u00a0\u00bbleft\u00a0\u00bb background_image_as_pattern=\u00a0\u00bbwithout_pattern\u00a0\u00bb][vc_column][vc_zigzag color=\u00a0\u00bbcustom\u00a0\u00bb custom_color=\u00a0\u00bb#669fd1&Prime;][vc_empty_space][\/vc_column][\/vc_row]<\/p>\n<\/section>","protected":false},"excerpt":{"rendered":"<p>[vc_row css_animation=\u00a0\u00bb\u00a0\u00bb row_type=\u00a0\u00bbrow\u00a0\u00bb use_row_as_full_screen_section=\u00a0\u00bbno\u00a0\u00bb type=\u00a0\u00bbfull_width\u00a0\u00bb angled_section=\u00a0\u00bbno\u00a0\u00bb text_align=\u00a0\u00bbleft\u00a0\u00bb background_image_as_pattern=\u00a0\u00bbwithout_pattern\u00a0\u00bb][vc_column][vc_empty_space][vc_column_text] BIENVENUE \u00e0 LA MAISON DE VANCANCES \u00ab\u00a0ZWIN LOVE\u00a0\u00bb ! [\/vc_column_text][vc_row_inner row_type=\u00a0\u00bbrow\u00a0\u00bb type=\u00a0\u00bbfull_width\u00a0\u00bb text_align=\u00a0\u00bbleft\u00a0\u00bb css_animation=\u00a0\u00bb\u00a0\u00bb][vc_column_inner][vc_empty_space][vc_column_text] Notre maison de vacances \u00ab\u00a0Zwin Love\u00a0\u00bb, au design r\u00e9tro et au mobilier \u00e0 la fois moderne et fonctionnel, est situ\u00e9e dans le \u00ab\u00a0Zomerdorp&#8230;<\/p>\n","protected":false},"author":1,"featured_media":0,"parent":0,"menu_order":0,"comment_status":"closed","ping_status":"closed","template":"","meta":{"content-type":"","footnotes":""},"class_list":["post-1257","page","type-page","status-publish","hentry"],"yoast_head":"<!-- This site is optimized with the Yoast SEO plugin v26.6 - https:\/\/yoast.com\/wordpress\/plugins\/seo\/ -->\n<title>Bienvenue au Zwin Love - Ferienhaus Zwin Love<\/title>\n<meta name=\"robots\" content=\"index, follow, max-snippet:-1, max-image-preview:large, max-video-preview:-1\" \/>\n<link rel=\"canonical\" href=\"https:\/\/www.zwin-love.com\/fr\/\" \/>\n<meta property=\"og:locale\" content=\"fr_FR\" \/>\n<meta property=\"og:type\" content=\"article\" \/>\n<meta property=\"og:title\" content=\"Bienvenue au Zwin Love - Ferienhaus Zwin Love\" \/>\n<meta property=\"og:description\" content=\"[vc_row css_animation=\u00a0\u00bb\u00a0\u00bb row_type=\u00a0\u00bbrow\u00a0\u00bb use_row_as_full_screen_section=\u00a0\u00bbno\u00a0\u00bb type=\u00a0\u00bbfull_width\u00a0\u00bb angled_section=\u00a0\u00bbno\u00a0\u00bb text_align=\u00a0\u00bbleft\u00a0\u00bb background_image_as_pattern=\u00a0\u00bbwithout_pattern\u00a0\u00bb][vc_column][vc_empty_space][vc_column_text] BIENVENUE \u00e0 LA MAISON DE VANCANCES \u00ab\u00a0ZWIN LOVE\u00a0\u00bb ! [\/vc_column_text][vc_row_inner row_type=\u00a0\u00bbrow\u00a0\u00bb type=\u00a0\u00bbfull_width\u00a0\u00bb text_align=\u00a0\u00bbleft\u00a0\u00bb css_animation=\u00a0\u00bb\u00a0\u00bb][vc_column_inner][vc_empty_space][vc_column_text] Notre maison de vacances \u00ab\u00a0Zwin Love\u00a0\u00bb, au design r\u00e9tro et au mobilier \u00e0 la fois moderne et fonctionnel, est situ\u00e9e dans le \u00ab\u00a0Zomerdorp...\" \/>\n<meta property=\"og:url\" content=\"https:\/\/www.zwin-love.com\/fr\/\" \/>\n<meta property=\"og:site_name\" content=\"Ferienhaus Zwin Love\" \/>\n<meta property=\"article:modified_time\" content=\"2023-08-07T07:25:19+00:00\" \/>\n<meta property=\"og:image\" content=\"http:\/\/www.zwin-love.com\/wp-content\/uploads\/2023\/08\/zwin-love_2023_2.jpg\" \/>\n<meta name=\"twitter:card\" content=\"summary_large_image\" \/>\n<meta name=\"twitter:label1\" content=\"Dur\u00e9e de lecture estim\u00e9e\" \/>\n\t<meta name=\"twitter:data1\" content=\"6 minutes\" \/>\n<script type=\"application\/ld+json\" class=\"yoast-schema-graph\">{\"@context\":\"https:\/\/schema.org\",\"@graph\":[{\"@type\":\"WebPage\",\"@id\":\"https:\/\/www.zwin-love.com\/fr\/\",\"url\":\"https:\/\/www.zwin-love.com\/fr\/\",\"name\":\"Bienvenue au Zwin Love - Ferienhaus Zwin Love\",\"isPartOf\":{\"@id\":\"https:\/\/www.zwin-love.com\/nl\/#website\"},\"primaryImageOfPage\":{\"@id\":\"https:\/\/www.zwin-love.com\/fr\/#primaryimage\"},\"image\":{\"@id\":\"https:\/\/www.zwin-love.com\/fr\/#primaryimage\"},\"thumbnailUrl\":\"http:\/\/www.zwin-love.com\/wp-content\/uploads\/2023\/08\/zwin-love_2023_2.jpg\",\"datePublished\":\"2020-11-17T21:14:00+00:00\",\"dateModified\":\"2023-08-07T07:25:19+00:00\",\"breadcrumb\":{\"@id\":\"https:\/\/www.zwin-love.com\/fr\/#breadcrumb\"},\"inLanguage\":\"fr-FR\",\"potentialAction\":[{\"@type\":\"ReadAction\",\"target\":[\"https:\/\/www.zwin-love.com\/fr\/\"]}]},{\"@type\":\"ImageObject\",\"inLanguage\":\"fr-FR\",\"@id\":\"https:\/\/www.zwin-love.com\/fr\/#primaryimage\",\"url\":\"http:\/\/www.zwin-love.com\/wp-content\/uploads\/2023\/08\/zwin-love_2023_2.jpg\",\"contentUrl\":\"http:\/\/www.zwin-love.com\/wp-content\/uploads\/2023\/08\/zwin-love_2023_2.jpg\"},{\"@type\":\"BreadcrumbList\",\"@id\":\"https:\/\/www.zwin-love.com\/fr\/#breadcrumb\",\"itemListElement\":[{\"@type\":\"ListItem\",\"position\":1,\"name\":\"Startseite\",\"item\":\"https:\/\/www.zwin-love.com\/fr\/\"},{\"@type\":\"ListItem\",\"position\":2,\"name\":\"Bienvenue au Zwin Love\"}]},{\"@type\":\"WebSite\",\"@id\":\"https:\/\/www.zwin-love.com\/nl\/#website\",\"url\":\"https:\/\/www.zwin-love.com\/nl\/\",\"name\":\"Ferienhaus Zwin Love\",\"description\":\"Ferienhaus bei Cadzand-Bad an der niederl\u00e4ndischen Sonnenk\u00fcste |\",\"potentialAction\":[{\"@type\":\"SearchAction\",\"target\":{\"@type\":\"EntryPoint\",\"urlTemplate\":\"https:\/\/www.zwin-love.com\/nl\/?s={search_term_string}\"},\"query-input\":{\"@type\":\"PropertyValueSpecification\",\"valueRequired\":true,\"valueName\":\"search_term_string\"}}],\"inLanguage\":\"fr-FR\"}]}<\/script>\n<!-- \/ Yoast SEO plugin. -->","yoast_head_json":{"title":"Bienvenue au Zwin Love - Ferienhaus Zwin Love","robots":{"index":"index","follow":"follow","max-snippet":"max-snippet:-1","max-image-preview":"max-image-preview:large","max-video-preview":"max-video-preview:-1"},"canonical":"https:\/\/www.zwin-love.com\/fr\/","og_locale":"fr_FR","og_type":"article","og_title":"Bienvenue au Zwin Love - Ferienhaus Zwin Love","og_description":"[vc_row css_animation=\u00a0\u00bb\u00a0\u00bb row_type=\u00a0\u00bbrow\u00a0\u00bb use_row_as_full_screen_section=\u00a0\u00bbno\u00a0\u00bb type=\u00a0\u00bbfull_width\u00a0\u00bb angled_section=\u00a0\u00bbno\u00a0\u00bb text_align=\u00a0\u00bbleft\u00a0\u00bb background_image_as_pattern=\u00a0\u00bbwithout_pattern\u00a0\u00bb][vc_column][vc_empty_space][vc_column_text] BIENVENUE \u00e0 LA MAISON DE VANCANCES \u00ab\u00a0ZWIN LOVE\u00a0\u00bb ! [\/vc_column_text][vc_row_inner row_type=\u00a0\u00bbrow\u00a0\u00bb type=\u00a0\u00bbfull_width\u00a0\u00bb text_align=\u00a0\u00bbleft\u00a0\u00bb css_animation=\u00a0\u00bb\u00a0\u00bb][vc_column_inner][vc_empty_space][vc_column_text] Notre maison de vacances \u00ab\u00a0Zwin Love\u00a0\u00bb, au design r\u00e9tro et au mobilier \u00e0 la fois moderne et fonctionnel, est situ\u00e9e dans le \u00ab\u00a0Zomerdorp...","og_url":"https:\/\/www.zwin-love.com\/fr\/","og_site_name":"Ferienhaus Zwin Love","article_modified_time":"2023-08-07T07:25:19+00:00","og_image":[{"url":"http:\/\/www.zwin-love.com\/wp-content\/uploads\/2023\/08\/zwin-love_2023_2.jpg","type":"","width":"","height":""}],"twitter_card":"summary_large_image","twitter_misc":{"Dur\u00e9e de lecture estim\u00e9e":"6 minutes"},"schema":{"@context":"https:\/\/schema.org","@graph":[{"@type":"WebPage","@id":"https:\/\/www.zwin-love.com\/fr\/","url":"https:\/\/www.zwin-love.com\/fr\/","name":"Bienvenue au Zwin Love - Ferienhaus Zwin Love","isPartOf":{"@id":"https:\/\/www.zwin-love.com\/nl\/#website"},"primaryImageOfPage":{"@id":"https:\/\/www.zwin-love.com\/fr\/#primaryimage"},"image":{"@id":"https:\/\/www.zwin-love.com\/fr\/#primaryimage"},"thumbnailUrl":"http:\/\/www.zwin-love.com\/wp-content\/uploads\/2023\/08\/zwin-love_2023_2.jpg","datePublished":"2020-11-17T21:14:00+00:00","dateModified":"2023-08-07T07:25:19+00:00","breadcrumb":{"@id":"https:\/\/www.zwin-love.com\/fr\/#breadcrumb"},"inLanguage":"fr-FR","potentialAction":[{"@type":"ReadAction","target":["https:\/\/www.zwin-love.com\/fr\/"]}]},{"@type":"ImageObject","inLanguage":"fr-FR","@id":"https:\/\/www.zwin-love.com\/fr\/#primaryimage","url":"http:\/\/www.zwin-love.com\/wp-content\/uploads\/2023\/08\/zwin-love_2023_2.jpg","contentUrl":"http:\/\/www.zwin-love.com\/wp-content\/uploads\/2023\/08\/zwin-love_2023_2.jpg"},{"@type":"BreadcrumbList","@id":"https:\/\/www.zwin-love.com\/fr\/#breadcrumb","itemListElement":[{"@type":"ListItem","position":1,"name":"Startseite","item":"https:\/\/www.zwin-love.com\/fr\/"},{"@type":"ListItem","position":2,"name":"Bienvenue au Zwin Love"}]},{"@type":"WebSite","@id":"https:\/\/www.zwin-love.com\/nl\/#website","url":"https:\/\/www.zwin-love.com\/nl\/","name":"Ferienhaus Zwin Love","description":"Ferienhaus bei Cadzand-Bad an der niederl\u00e4ndischen Sonnenk\u00fcste |","potentialAction":[{"@type":"SearchAction","target":{"@type":"EntryPoint","urlTemplate":"https:\/\/www.zwin-love.com\/nl\/?s={search_term_string}"},"query-input":{"@type":"PropertyValueSpecification","valueRequired":true,"valueName":"search_term_string"}}],"inLanguage":"fr-FR"}]}},"_links":{"self":[{"href":"https:\/\/www.zwin-love.com\/fr\/wp-json\/wp\/v2\/pages\/1257","targetHints":{"allow":["GET"]}}],"collection":[{"href":"https:\/\/www.zwin-love.com\/fr\/wp-json\/wp\/v2\/pages"}],"about":[{"href":"https:\/\/www.zwin-love.com\/fr\/wp-json\/wp\/v2\/types\/page"}],"author":[{"embeddable":true,"href":"https:\/\/www.zwin-love.com\/fr\/wp-json\/wp\/v2\/users\/1"}],"replies":[{"embeddable":true,"href":"https:\/\/www.zwin-love.com\/fr\/wp-json\/wp\/v2\/comments?post=1257"}],"version-history":[{"count":17,"href":"https:\/\/www.zwin-love.com\/fr\/wp-json\/wp\/v2\/pages\/1257\/revisions"}],"predecessor-version":[{"id":1614,"href":"https:\/\/www.zwin-love.com\/fr\/wp-json\/wp\/v2\/pages\/1257\/revisions\/1614"}],"wp:attachment":[{"href":"https:\/\/www.zwin-love.com\/fr\/wp-json\/wp\/v2\/media?parent=1257"}],"curies":[{"name":"wp","href":"https:\/\/api.w.org\/{rel}","templated":true}]}}